{"id":954,"date":"2019-03-12T09:15:57","date_gmt":"2019-03-12T09:15:57","guid":{"rendered":"https:\/\/www.albirabogados.com\/contact\/"},"modified":"2025-03-21T19:10:10","modified_gmt":"2025-03-21T19:10:10","slug":"skontaktuj-sie-z-nami","status":"publish","type":"page","link":"https:\/\/albirabogados.com\/pl\/skontaktuj-sie-z-nami\/","title":{"rendered":"Skontaktuj si\u0119 z nami"},"content":{"rendered":"<p>[et_pb_section fb_built=&#8221;1&#8243; _builder_version=&#8221;4.23.1&#8243; background_color=&#8221;rgba(3,19,43,0.73)&#8221; background_image=&#8221;https:\/\/www.albirabogados.com\/wp-content\/uploads\/2025\/03\/CabeceraContacto-1.jpg&#8221; background_position=&#8221;top_center&#8221; background_vertical_offset=&#8221;65%&#8221; custom_padding=&#8221;100px|0px|100px|0px|true|false&#8221; global_colors_info=&#8221;{}&#8221;][et_pb_row _builder_version=&#8221;4.16&#8243; global_colors_info=&#8221;{}&#8221;][et_pb_column type=&#8221;4_4&#8243; _builder_version=&#8221;4.16&#8243; custom_padding=&#8221;|||&#8221; global_colors_info=&#8221;{}&#8221; custom_padding__hover=&#8221;|||&#8221;][et_pb_text _builder_version=&#8221;4.23.1&#8243; text_font=&#8221;||||||||&#8221; header_font=&#8221;||||||||&#8221; header_2_font=&#8221;||||||||&#8221; header_2_font_size=&#8221;46px&#8221; text_orientation=&#8221;center&#8221; background_layout=&#8221;dark&#8221; global_colors_info=&#8221;{}&#8221;]<\/p>\n<h1 style=\"font-size: 46px;\">Skontaktuj si\u0119 z nami<\/h1>\n<p>We are people who work for people<\/p>\n<p>[\/et_pb_text][\/et_pb_column][\/et_pb_row][\/et_pb_section][et_pb_section fb_built=&#8221;1&#8243; use_custom_gutter=&#8221;on&#8221; gutter_width=&#8221;2&#8243; specialty=&#8221;on&#8221; _builder_version=&#8221;4.16&#8243; width=&#8221;100%&#8221; max_width=&#8221;100%&#8221; inner_width=&#8221;90%&#8221; inner_max_width=&#8221;100%&#8221; global_colors_info=&#8221;{}&#8221;][et_pb_column type=&#8221;1_2&#8243; _builder_version=&#8221;4.16&#8243; custom_padding=&#8221;|||&#8221; global_colors_info=&#8221;{}&#8221; custom_padding__hover=&#8221;|||&#8221;][et_pb_text _builder_version=&#8221;4.23.1&#8243; header_text_color=&#8221;#a6925e&#8221; header_2_text_color=&#8221;#a6925e&#8221; custom_margin=&#8221;||5px&#8221; global_colors_info=&#8221;{}&#8221;]<\/p>\n<h2>Skontaktuj si\u0119 z nami<\/h2>\n<p>[\/et_pb_text][et_pb_text _builder_version=&#8221;4.23.1&#8243; link_text_color=&#8221;#a6925e&#8221; custom_css_free_form=&#8221;.wpcf7-submit {||  background-color: #063037 !important;||}&#8221; global_colors_info=&#8221;{}&#8221;]<\/p>\n\n<div class=\"wpcf7 no-js\" id=\"wpcf7-f2062-o1\" lang=\"es-ES\" dir=\"ltr\" data-wpcf7-id=\"2062\">\n<div class=\"screen-reader-response\"><p role=\"status\" aria-live=\"polite\" aria-atomic=\"true\"><\/p> <ul><\/ul><\/div>\n<form action=\"\/pl\/wp-json\/wp\/v2\/pages\/954#wpcf7-f2062-o1\" method=\"post\" class=\"wpcf7-form init\" aria-label=\"Formulario de contacto\" novalidate=\"novalidate\" data-status=\"init\">\n<fieldset class=\"hidden-fields-container\"><input type=\"hidden\" name=\"_wpcf7\" value=\"2062\" \/><input type=\"hidden\" name=\"_wpcf7_version\" value=\"6.1.5\" \/><input type=\"hidden\" name=\"_wpcf7_locale\" value=\"es_ES\" \/><input type=\"hidden\" name=\"_wpcf7_unit_tag\" value=\"wpcf7-f2062-o1\" \/><input type=\"hidden\" name=\"_wpcf7_container_post\" value=\"0\" \/><input type=\"hidden\" name=\"_wpcf7_posted_data_hash\" value=\"\" \/><input type=\"hidden\" name=\"_wpcf7_recaptcha_response\" value=\"\" \/>\n<\/fieldset>\n<p><label><span class=\"wpcf7-form-control-wrap\" data-name=\"your-name\"><input size=\"40\" maxlength=\"400\" class=\"wpcf7-form-control wpcf7-text wpcf7-validates-as-required\" aria-required=\"true\" aria-invalid=\"false\" placeholder=\"Imi\u0119 i nazwisko (wymagane)\" value=\"\" type=\"text\" name=\"your-name\" \/><\/span> <\/label>\n<\/p>\n<p><label><span class=\"wpcf7-form-control-wrap\" data-name=\"your-email\"><input size=\"40\" maxlength=\"400\" class=\"wpcf7-form-control wpcf7-email wpcf7-validates-as-required wpcf7-text wpcf7-validates-as-email\" aria-required=\"true\" aria-invalid=\"false\" placeholder=\"Tw\u00f3j adres e-mail (wymagane)\" value=\"\" type=\"email\" name=\"your-email\" \/><\/span> <\/label>\n<\/p>\n<p><label><span class=\"wpcf7-form-control-wrap\" data-name=\"telefono\"><input size=\"40\" maxlength=\"400\" class=\"wpcf7-form-control wpcf7-tel wpcf7-text wpcf7-validates-as-tel\" aria-invalid=\"false\" placeholder=\"Telefon kontaktowy\" value=\"\" type=\"tel\" name=\"telefono\" \/><\/span> <\/label>\n<\/p>\n<p><label><span class=\"wpcf7-form-control-wrap\" data-name=\"your-message\"><textarea cols=\"40\" rows=\"10\" maxlength=\"2000\" class=\"wpcf7-form-control wpcf7-textarea wpcf7-validates-as-required\" aria-required=\"true\" aria-invalid=\"false\" placeholder=\"Wiadomo\u015b\u0107\" name=\"your-message\"><\/textarea><\/span> <\/label>\n<\/p>\n<div style=\"background: #f5f5f5;padding: 15px;font-size: 0.8em;line-height: 1.5em;\">\n\t<p>Gestya, S.L. b\u0119dzie przetwarza\u0107 dane osobowe klienta w celu udzielenia odpowiedzi na z\u0142o\u017cone wnioski. Klient mo\u017ce skorzysta\u0107 z prawa do dost\u0119pu, sprostowania, usuni\u0119cia i przenoszenia swoich danych, ograniczenia i sprzeciwu wobec ich przetwarzania, a tak\u017ce do niepodlegania decyzjom opartym wy\u0142\u0105cznie na zautomatyzowanym przetwarzaniu danych, w stosownych przypadkach, pod adresem e-mail info@albirabogados.com. Zalecamy zapoznanie si\u0119 z polityk\u0105 prywatno\u015bci przed przekazaniem nam swoich danych osobowych.\n\t<\/p>\n<\/div>\n<p><label><span class=\"wpcf7-form-control-wrap\" data-name=\"RGPD\"><span class=\"wpcf7-form-control wpcf7-acceptance\"><span class=\"wpcf7-list-item\"><label><input type=\"checkbox\" name=\"RGPD\" value=\"1\" aria-invalid=\"false\" \/><span class=\"wpcf7-list-item-label\">Przesy\u0142aj\u0105c nam swoje dane, akceptujesz nasz\u0105 <a href=\"\/politica-de-privacidad\/\" >Polityk\u0119 prywatno\u015bci<\/a>.<\/span><\/label><\/span><\/span><\/span><\/label>\n<\/p>\n\n<p><input class=\"wpcf7-form-control wpcf7-submit has-spinner\" type=\"submit\" value=\"Wy\u015blij\" \/>\n<\/p><input type='hidden' class='wpcf7-pum' value='{\"closepopup\":false,\"closedelay\":0,\"openpopup\":false,\"openpopup_id\":0}' \/><div class=\"wpcf7-response-output\" aria-hidden=\"true\"><\/div>\n<\/form>\n<\/div>\n\n<p>[\/et_pb_text][\/et_pb_column][et_pb_column type=&#8221;1_2&#8243; specialty_columns=&#8221;2&#8243; _builder_version=&#8221;4.16&#8243; custom_padding=&#8221;|||&#8221; global_colors_info=&#8221;{}&#8221; custom_padding__hover=&#8221;|||&#8221;][et_pb_row_inner _builder_version=&#8221;4.16&#8243; custom_padding=&#8221;||9px|||&#8221; global_colors_info=&#8221;{}&#8221;][et_pb_column_inner saved_specialty_column_type=&#8221;1_2&#8243; _builder_version=&#8221;4.16&#8243; global_colors_info=&#8221;{}&#8221;][et_pb_text _builder_version=&#8221;4.23.1&#8243; header_text_color=&#8221;#a6925e&#8221; header_2_text_color=&#8221;#a6925e&#8221; custom_margin=&#8221;||5px&#8221; global_colors_info=&#8221;{}&#8221;]<\/p>\n<h2>Informacje<\/h2>\n<p>[\/et_pb_text][\/et_pb_column_inner][\/et_pb_row_inner][et_pb_row_inner column_structure=&#8221;1_2,1_2&#8243; use_custom_gutter=&#8221;on&#8221; gutter_width=&#8221;2&#8243; make_equal=&#8221;on&#8221; _builder_version=&#8221;4.23.1&#8243; custom_padding=&#8221;7px||4px|||&#8221; global_colors_info=&#8221;{}&#8221;][et_pb_column_inner type=&#8221;1_2&#8243; saved_specialty_column_type=&#8221;1_2&#8243; _builder_version=&#8221;4.23.1&#8243; global_colors_info=&#8221;{}&#8221;][et_pb_blurb image=&#8221;https:\/\/www.albirabogados.com\/wp-content\/uploads\/2025\/03\/albirabogados-icono-mapa-2.png&#8221; image_icon_width=&#8221;35px&#8221; _builder_version=&#8221;4.23.1&#8243; header_font=&#8221;|600|||||||&#8221; body_link_text_color=&#8221;gcid-0b583e86-a562-4400-acae-b8e013774f93&#8243; custom_css_blurb_image=&#8221;margin-bottom:5px;||margin-right:100%;||width:30px!important;&#8221; image_max_width=&#8221;60px&#8221; global_colors_info=&#8221;{%22gcid-0b583e86-a562-4400-acae-b8e013774f93%22:%91%22body_link_text_color%22%93}&#8221;]<\/p>\n<p><a href=\"https:\/\/maps.app.goo.gl\/CCWWL8mcn99ZV2Rm9\">Av. Comunitat Valenciana, 7<\/a><br \/><a href=\"https:\/\/maps.app.goo.gl\/CCWWL8mcn99ZV2Rm9\">03590 ALTEA (Alicante-Spain)<\/a><\/p>\n<p>[\/et_pb_blurb][et_pb_blurb image=&#8221;https:\/\/www.albirabogados.com\/wp-content\/uploads\/2025\/03\/albirabogados-icono-mail-2.png&#8221; image_icon_width=&#8221;35px&#8221; _builder_version=&#8221;4.23.1&#8243; header_font=&#8221;|600|||||||&#8221; body_link_text_color=&#8221;gcid-0b583e86-a562-4400-acae-b8e013774f93&#8243; custom_css_blurb_image=&#8221;margin-bottom:5px;||margin-right:100%;||width:30px!important;&#8221; image_max_width=&#8221;60px&#8221; global_colors_info=&#8221;{%22gcid-0b583e86-a562-4400-acae-b8e013774f93%22:%91%22body_link_text_color%22,%22body_link_text_color%22%93}&#8221;]<\/p>\n<p><a href=\"mailto:info@albirabogados.com\">info@albirabogados.com<\/a><\/p>\n<p>[\/et_pb_blurb][\/et_pb_column_inner][et_pb_column_inner type=&#8221;1_2&#8243; saved_specialty_column_type=&#8221;1_2&#8243; _builder_version=&#8221;4.16&#8243; global_colors_info=&#8221;{}&#8221;][et_pb_blurb image=&#8221;https:\/\/www.albirabogados.com\/wp-content\/uploads\/2025\/03\/albirabogados-icono-phone-2.png&#8221; image_icon_width=&#8221;35px&#8221; _builder_version=&#8221;4.23.1&#8243; header_font=&#8221;|600|||||||&#8221; body_link_text_color=&#8221;gcid-0b583e86-a562-4400-acae-b8e013774f93&#8243; custom_css_blurb_image=&#8221;margin-bottom:5px;||margin-right:100%;||width:30px!important;&#8221; image_max_width=&#8221;60px&#8221; global_colors_info=&#8221;{%22gcid-0b583e86-a562-4400-acae-b8e013774f93%22:%91%22body_link_text_color%22%93}&#8221;]<\/p>\n<p>Landline: <a href=\"tel:(+34)%20966 88 51 91\">(+34) 966 88 51 91<\/a><br \/>Mobile\/Whatsapp:\u00a0<a href=\"tel:(+34)%20678 279 908\">(+34) 678 279 908<\/a><\/p>\n<p>[\/et_pb_blurb][et_pb_blurb image=&#8221;https:\/\/www.albirabogados.com\/wp-content\/uploads\/2025\/03\/albirabogados-icono-fb-1-2.png&#8221; image_icon_width=&#8221;35px&#8221; _builder_version=&#8221;4.23.1&#8243; header_font=&#8221;|600|||||||&#8221; body_link_text_color=&#8221;gcid-0b583e86-a562-4400-acae-b8e013774f93&#8243; custom_css_blurb_image=&#8221;margin-bottom:5px;||margin-right:100%;||width:30px!important;&#8221; image_max_width=&#8221;60px&#8221; global_colors_info=&#8221;{%22gcid-0b583e86-a562-4400-acae-b8e013774f93%22:%91%22body_link_text_color%22%93}&#8221;]<\/p>\n<p><a href=\"https:\/\/www.facebook.com\/albirabogados\" target=\"_blank\" rel=\"noopener noreferrer\">facebook.com\/albirabogados<\/a><\/p>\n<p>[\/et_pb_blurb][et_pb_blurb image=&#8221;https:\/\/www.albirabogados.com\/wp-content\/uploads\/2025\/03\/albirabogados-icono-instagram-2-1.png&#8221; image_icon_width=&#8221;31px&#8221; _builder_version=&#8221;4.23.1&#8243; header_font=&#8221;|600|||||||&#8221; body_link_text_color=&#8221;gcid-0b583e86-a562-4400-acae-b8e013774f93&#8243; custom_padding=&#8221;10px|||||&#8221; custom_css_blurb_image=&#8221;margin-bottom:5px;||margin-right:100%;||width:30px!important;&#8221; image_max_width=&#8221;60px&#8221; global_colors_info=&#8221;{%22gcid-0b583e86-a562-4400-acae-b8e013774f93%22:%91%22body_link_text_color%22%93}&#8221;]<\/p>\n<p><a href=\"https:\/\/www.instagram.com\/albirabogados\" target=\"_blank\" rel=\"noopener noreferrer\">https:\/\/www.instagram.com\/albirabogados<\/a><\/p>\n<p>[\/et_pb_blurb][\/et_pb_column_inner][\/et_pb_row_inner][et_pb_row_inner column_structure=&#8221;1_2,1_2&#8243; use_custom_gutter=&#8221;on&#8221; gutter_width=&#8221;1&#8243; _builder_version=&#8221;4.23.1&#8243; module_alignment=&#8221;center&#8221; custom_css_free_form=&#8221;.et_pb_gallery_grid .et_pb_gallery_item img {||        width: 100%;||        object-fit: cover;||}&#8221; global_colors_info=&#8221;{}&#8221;][et_pb_column_inner type=&#8221;1_2&#8243; saved_specialty_column_type=&#8221;1_2&#8243; _builder_version=&#8221;4.16&#8243; global_colors_info=&#8221;{}&#8221;][et_pb_image src=&#8221;https:\/\/www.albirabogados.com\/wp-content\/uploads\/2025\/03\/Entrada2.jpg&#8221; title_text=&#8221;Entrada2&#8243; _builder_version=&#8221;4.23.1&#8243; _module_preset=&#8221;default&#8221; global_colors_info=&#8221;{}&#8221;][\/et_pb_image][\/et_pb_column_inner][et_pb_column_inner type=&#8221;1_2&#8243; saved_specialty_column_type=&#8221;1_2&#8243; _builder_version=&#8221;4.16&#8243; global_colors_info=&#8221;{}&#8221;][et_pb_image src=&#8221;https:\/\/www.albirabogados.com\/wp-content\/uploads\/2020\/01\/albirabogados-office-01.jpg&#8221; alt=&#8221;law firm Alicante&#8221; title_text=&#8221;law firm Alicante&#8221; _builder_version=&#8221;4.23.1&#8243; _module_preset=&#8221;default&#8221; global_colors_info=&#8221;{}&#8221;][\/et_pb_image][\/et_pb_column_inner][\/et_pb_row_inner][\/et_pb_column][\/et_pb_section][et_pb_section fb_built=&#8221;1&#8243; fullwidth=&#8221;on&#8221; _builder_version=&#8221;4.16&#8243; background_color=&#8221;#0c71c3&#8243; global_colors_info=&#8221;{}&#8221;][et_pb_fullwidth_code _builder_version=&#8221;4.23.1&#8243; global_colors_info=&#8221;{}&#8221;]<iframe loading=\"lazy\" style=\"border: 0;\" src=\"https:\/\/www.google.com\/maps\/embed?pb=!1m17!1m12!1m3!1d194.87339420600543!2d-0.04869795206132569!3d38.60346158469858!2m3!1f0!2f0!3f0!3m2!1i1024!2i768!4f13.1!3m2!1m1!2zMzjCsDM2JzEyLjQiTiAwwrAwMic1NS4yIlc!5e0!3m2!1ses!2ses!4v1741802102561!5m2!1ses!2ses\" width=\"100%\" height=\"450\" frameborder=\"0\" allowfullscreen=\"allowfullscreen\"><\/iframe>[\/et_pb_fullwidth_code][\/et_pb_section]<\/p>\n","protected":false},"excerpt":{"rendered":"<p>Skontaktuj si\u0119 z nami We are people who work for peopleSkontaktuj si\u0119 z nami\n<div class=\"wpcf7 no-js\" id=\"wpcf7-f2062-o2\" lang=\"es-ES\" dir=\"ltr\" data-wpcf7-id=\"2062\">\n<div class=\"screen-reader-response\"><p role=\"status\" aria-live=\"polite\" aria-atomic=\"true\"><\/p> <ul><\/ul><\/div>\n<form action=\"\/pl\/wp-json\/wp\/v2\/pages\/954#wpcf7-f2062-o2\" method=\"post\" class=\"wpcf7-form init\" aria-label=\"Formulario de contacto\" novalidate=\"novalidate\" data-status=\"init\">\n<fieldset class=\"hidden-fields-container\"><input type=\"hidden\" name=\"_wpcf7\" value=\"2062\" \/><input type=\"hidden\" name=\"_wpcf7_version\" value=\"6.1.5\" \/><input type=\"hidden\" name=\"_wpcf7_locale\" value=\"es_ES\" \/><input type=\"hidden\" name=\"_wpcf7_unit_tag\" value=\"wpcf7-f2062-o2\" \/><input type=\"hidden\" name=\"_wpcf7_container_post\" value=\"0\" \/><input type=\"hidden\" name=\"_wpcf7_posted_data_hash\" value=\"\" \/><input type=\"hidden\" name=\"_wpcf7_recaptcha_response\" value=\"\" \/>\n<\/fieldset>\n<p><label><span class=\"wpcf7-form-control-wrap\" data-name=\"your-name\"><input size=\"40\" maxlength=\"400\" class=\"wpcf7-form-control wpcf7-text wpcf7-validates-as-required\" aria-required=\"true\" aria-invalid=\"false\" placeholder=\"Imi\u0119 i nazwisko (wymagane)\" value=\"\" type=\"text\" name=\"your-name\" \/><\/span> <\/label>\n<\/p>\n<p><label><span class=\"wpcf7-form-control-wrap\" data-name=\"your-email\"><input size=\"40\" maxlength=\"400\" class=\"wpcf7-form-control wpcf7-email wpcf7-validates-as-required wpcf7-text wpcf7-validates-as-email\" aria-required=\"true\" aria-invalid=\"false\" placeholder=\"Tw\u00f3j adres e-mail (wymagane)\" value=\"\" type=\"email\" name=\"your-email\" \/><\/span> <\/label>\n<\/p>\n<p><label><span class=\"wpcf7-form-control-wrap\" data-name=\"telefono\"><input size=\"40\" maxlength=\"400\" class=\"wpcf7-form-control wpcf7-tel wpcf7-text wpcf7-validates-as-tel\" aria-invalid=\"false\" placeholder=\"Telefon kontaktowy\" value=\"\" type=\"tel\" name=\"telefono\" \/><\/span> <\/label>\n<\/p>\n<p><label><span class=\"wpcf7-form-control-wrap\" data-name=\"your-message\"><textarea cols=\"40\" rows=\"10\" maxlength=\"2000\" class=\"wpcf7-form-control wpcf7-textarea wpcf7-validates-as-required\" aria-required=\"true\" aria-invalid=\"false\" placeholder=\"Wiadomo\u015b\u0107\" name=\"your-message\"><\/textarea><\/span> <\/label>\n<\/p>\n<div style=\"background: #f5f5f5;padding: 15px;font-size: 0.8em;line-height: 1.5em;\">\n\t<p>Gestya, S.L. b\u0119dzie przetwarza\u0107 dane osobowe klienta w celu udzielenia odpowiedzi na z\u0142o\u017cone wnioski. Klient mo\u017ce skorzysta\u0107 z prawa do dost\u0119pu, sprostowania, usuni\u0119cia i przenoszenia swoich danych, ograniczenia i sprzeciwu wobec ich przetwarzania, a tak\u017ce do niepodlegania decyzjom opartym wy\u0142\u0105cznie na zautomatyzowanym przetwarzaniu danych, w stosownych przypadkach, pod adresem e-mail info@albirabogados.com. Zalecamy zapoznanie si\u0119 z polityk\u0105 prywatno\u015bci przed przekazaniem nam swoich danych osobowych.\n\t<\/p>\n<\/div>\n<p><label><span class=\"wpcf7-form-control-wrap\" data-name=\"RGPD\"><span class=\"wpcf7-form-control wpcf7-acceptance\"><span class=\"wpcf7-list-item\"><label><input type=\"checkbox\" name=\"RGPD\" value=\"1\" aria-invalid=\"false\" \/><span class=\"wpcf7-list-item-label\">Przesy\u0142aj\u0105c nam swoje dane, akceptujesz nasz\u0105 <a href=\"\/politica-de-privacidad\/\" >Polityk\u0119 prywatno\u015bci<\/a>.<\/span><\/label><\/span><\/span><\/span><\/label>\n<\/p>\n\n<p><input class=\"wpcf7-form-control wpcf7-submit has-spinner\" type=\"submit\" value=\"Wy\u015blij\" \/>\n<\/p><input type='hidden' class='wpcf7-pum' value='{\"closepopup\":false,\"closedelay\":0,\"openpopup\":false,\"openpopup_id\":0}' \/><div class=\"wpcf7-response-output\" aria-hidden=\"true\"><\/div>\n<\/form>\n<\/div>\nInformacjeAv. Comunitat Valenciana, 703590 ALTEA (Alicante-Spain)info@albirabogados.comLandline: (+34) 966 88 51 91Mobile\/Whatsapp:\u00a0(+34) 678 279 908facebook.com\/albirabogadoshttps:\/\/www.instagram.com\/albirabogados<\/p>\n","protected":false},"author":1,"featured_media":0,"parent":0,"menu_order":0,"comment_status":"closed","ping_status":"closed","template":"","meta":{"_et_pb_use_builder":"on","_et_pb_old_content":"<!-- wp:divi\/placeholder \/-->","_et_gb_content_width":"","footnotes":""},"class_list":["post-954","page","type-page","status-publish","hentry"],"yoast_head":"<!-- This site is optimized with the Yoast SEO plugin v27.4 - https:\/\/yoast.com\/product\/yoast-seo-wordpress\/ -->\n<title>Skontaktuj si\u0119 z nami - Albir Abogados \u00b7 International Law Firm since 1999<\/title>\n<meta name=\"description\" content=\"Skontaktuj si\u0119 z nami. Firm of Spanish and independent Lawyers and advisers specialized in property law, inheritance law, litigation and tax law.\" \/>\n<meta name=\"robots\" content=\"index, follow, max-snippet:-1, max-image-preview:large, max-video-preview:-1\" \/>\n<link rel=\"canonical\" href=\"https:\/\/albirabogados.com\/pl\/skontaktuj-sie-z-nami\/\" \/>\n<meta property=\"og:locale\" content=\"pl_PL\" \/>\n<meta property=\"og:type\" content=\"article\" \/>\n<meta property=\"og:title\" content=\"Skontaktuj si\u0119 z nami - Albir Abogados \u00b7 International Law Firm since 1999\" \/>\n<meta property=\"og:description\" content=\"Skontaktuj si\u0119 z nami. Firm of Spanish and independent Lawyers and advisers specialized in property law, inheritance law, litigation and tax law.\" \/>\n<meta property=\"og:url\" content=\"https:\/\/albirabogados.com\/pl\/skontaktuj-sie-z-nami\/\" \/>\n<meta property=\"og:site_name\" content=\"Albir Abogados \u00b7 International Law Firm since 1999\" \/>\n<meta property=\"article:publisher\" content=\"https:\/\/www.facebook.com\/albirabogados\" \/>\n<meta property=\"article:modified_time\" content=\"2025-03-21T19:10:10+00:00\" \/>\n<meta name=\"twitter:card\" content=\"summary_large_image\" \/>\n<meta name=\"twitter:label1\" content=\"Szacowany czas czytania\" \/>\n\t<meta name=\"twitter:data1\" content=\"2 minuty\" \/>\n<script type=\"application\/ld+json\" class=\"yoast-schema-graph\">{\"@context\":\"https:\\\/\\\/schema.org\",\"@graph\":[{\"@type\":\"WebPage\",\"@id\":\"https:\\\/\\\/albirabogados.com\\\/pl\\\/skontaktuj-sie-z-nami\\\/\",\"url\":\"https:\\\/\\\/albirabogados.com\\\/pl\\\/skontaktuj-sie-z-nami\\\/\",\"name\":\"Skontaktuj si\u0119 z nami - Albir Abogados \u00b7 International Law Firm since 1999\",\"isPartOf\":{\"@id\":\"https:\\\/\\\/albirabogados.com\\\/#website\"},\"datePublished\":\"2019-03-12T09:15:57+00:00\",\"dateModified\":\"2025-03-21T19:10:10+00:00\",\"description\":\"Skontaktuj si\u0119 z nami. Firm of Spanish and independent Lawyers and advisers specialized in property law, inheritance law, litigation and tax law.\",\"breadcrumb\":{\"@id\":\"https:\\\/\\\/albirabogados.com\\\/pl\\\/skontaktuj-sie-z-nami\\\/#breadcrumb\"},\"inLanguage\":\"pl-PL\",\"potentialAction\":[{\"@type\":\"ReadAction\",\"target\":[\"https:\\\/\\\/albirabogados.com\\\/pl\\\/skontaktuj-sie-z-nami\\\/\"]}]},{\"@type\":\"BreadcrumbList\",\"@id\":\"https:\\\/\\\/albirabogados.com\\\/pl\\\/skontaktuj-sie-z-nami\\\/#breadcrumb\",\"itemListElement\":[{\"@type\":\"ListItem\",\"position\":1,\"name\":\"Home\",\"item\":\"https:\\\/\\\/albirabogados.com\\\/pl\\\/\"},{\"@type\":\"ListItem\",\"position\":2,\"name\":\"Skontaktuj si\u0119 z nami\"}]},{\"@type\":\"WebSite\",\"@id\":\"https:\\\/\\\/albirabogados.com\\\/#website\",\"url\":\"https:\\\/\\\/albirabogados.com\\\/\",\"name\":\"Albir Abogados \u00b7 International Law Firm since 1999\",\"description\":\"International Law Firm since 1999\",\"publisher\":{\"@id\":\"https:\\\/\\\/albirabogados.com\\\/#organization\"},\"potentialAction\":[{\"@type\":\"SearchAction\",\"target\":{\"@type\":\"EntryPoint\",\"urlTemplate\":\"https:\\\/\\\/albirabogados.com\\\/?s={search_term_string}\"},\"query-input\":{\"@type\":\"PropertyValueSpecification\",\"valueRequired\":true,\"valueName\":\"search_term_string\"}}],\"inLanguage\":\"pl-PL\"},{\"@type\":\"Organization\",\"@id\":\"https:\\\/\\\/albirabogados.com\\\/#organization\",\"name\":\"Albir Abogados\",\"url\":\"https:\\\/\\\/albirabogados.com\\\/\",\"logo\":{\"@type\":\"ImageObject\",\"inLanguage\":\"pl-PL\",\"@id\":\"https:\\\/\\\/albirabogados.com\\\/#\\\/schema\\\/logo\\\/image\\\/\",\"url\":\"https:\\\/\\\/www.albirabogados.com\\\/wp-content\\\/uploads\\\/2020\\\/01\\\/albirabogados-logo-5.png\",\"contentUrl\":\"https:\\\/\\\/www.albirabogados.com\\\/wp-content\\\/uploads\\\/2020\\\/01\\\/albirabogados-logo-5.png\",\"width\":800,\"height\":269,\"caption\":\"Albir Abogados\"},\"image\":{\"@id\":\"https:\\\/\\\/albirabogados.com\\\/#\\\/schema\\\/logo\\\/image\\\/\"},\"sameAs\":[\"https:\\\/\\\/www.facebook.com\\\/albirabogados\"]}]}<\/script>\n<!-- \/ Yoast SEO plugin. -->","yoast_head_json":{"title":"Skontaktuj si\u0119 z nami - Albir Abogados \u00b7 International Law Firm since 1999","description":"Skontaktuj si\u0119 z nami. Firm of Spanish and independent Lawyers and advisers specialized in property law, inheritance law, litigation and tax law.","robots":{"index":"index","follow":"follow","max-snippet":"max-snippet:-1","max-image-preview":"max-image-preview:large","max-video-preview":"max-video-preview:-1"},"canonical":"https:\/\/albirabogados.com\/pl\/skontaktuj-sie-z-nami\/","og_locale":"pl_PL","og_type":"article","og_title":"Skontaktuj si\u0119 z nami - Albir Abogados \u00b7 International Law Firm since 1999","og_description":"Skontaktuj si\u0119 z nami. Firm of Spanish and independent Lawyers and advisers specialized in property law, inheritance law, litigation and tax law.","og_url":"https:\/\/albirabogados.com\/pl\/skontaktuj-sie-z-nami\/","og_site_name":"Albir Abogados \u00b7 International Law Firm since 1999","article_publisher":"https:\/\/www.facebook.com\/albirabogados","article_modified_time":"2025-03-21T19:10:10+00:00","twitter_card":"summary_large_image","twitter_misc":{"Szacowany czas czytania":"2 minuty"},"schema":{"@context":"https:\/\/schema.org","@graph":[{"@type":"WebPage","@id":"https:\/\/albirabogados.com\/pl\/skontaktuj-sie-z-nami\/","url":"https:\/\/albirabogados.com\/pl\/skontaktuj-sie-z-nami\/","name":"Skontaktuj si\u0119 z nami - Albir Abogados \u00b7 International Law Firm since 1999","isPartOf":{"@id":"https:\/\/albirabogados.com\/#website"},"datePublished":"2019-03-12T09:15:57+00:00","dateModified":"2025-03-21T19:10:10+00:00","description":"Skontaktuj si\u0119 z nami. Firm of Spanish and independent Lawyers and advisers specialized in property law, inheritance law, litigation and tax law.","breadcrumb":{"@id":"https:\/\/albirabogados.com\/pl\/skontaktuj-sie-z-nami\/#breadcrumb"},"inLanguage":"pl-PL","potentialAction":[{"@type":"ReadAction","target":["https:\/\/albirabogados.com\/pl\/skontaktuj-sie-z-nami\/"]}]},{"@type":"BreadcrumbList","@id":"https:\/\/albirabogados.com\/pl\/skontaktuj-sie-z-nami\/#breadcrumb","itemListElement":[{"@type":"ListItem","position":1,"name":"Home","item":"https:\/\/albirabogados.com\/pl\/"},{"@type":"ListItem","position":2,"name":"Skontaktuj si\u0119 z nami"}]},{"@type":"WebSite","@id":"https:\/\/albirabogados.com\/#website","url":"https:\/\/albirabogados.com\/","name":"Albir Abogados \u00b7 International Law Firm since 1999","description":"International Law Firm since 1999","publisher":{"@id":"https:\/\/albirabogados.com\/#organization"},"potentialAction":[{"@type":"SearchAction","target":{"@type":"EntryPoint","urlTemplate":"https:\/\/albirabogados.com\/?s={search_term_string}"},"query-input":{"@type":"PropertyValueSpecification","valueRequired":true,"valueName":"search_term_string"}}],"inLanguage":"pl-PL"},{"@type":"Organization","@id":"https:\/\/albirabogados.com\/#organization","name":"Albir Abogados","url":"https:\/\/albirabogados.com\/","logo":{"@type":"ImageObject","inLanguage":"pl-PL","@id":"https:\/\/albirabogados.com\/#\/schema\/logo\/image\/","url":"https:\/\/www.albirabogados.com\/wp-content\/uploads\/2020\/01\/albirabogados-logo-5.png","contentUrl":"https:\/\/www.albirabogados.com\/wp-content\/uploads\/2020\/01\/albirabogados-logo-5.png","width":800,"height":269,"caption":"Albir Abogados"},"image":{"@id":"https:\/\/albirabogados.com\/#\/schema\/logo\/image\/"},"sameAs":["https:\/\/www.facebook.com\/albirabogados"]}]}},"_links":{"self":[{"href":"https:\/\/albirabogados.com\/pl\/wp-json\/wp\/v2\/pages\/954","targetHints":{"allow":["GET"]}}],"collection":[{"href":"https:\/\/albirabogados.com\/pl\/wp-json\/wp\/v2\/pages"}],"about":[{"href":"https:\/\/albirabogados.com\/pl\/wp-json\/wp\/v2\/types\/page"}],"author":[{"embeddable":true,"href":"https:\/\/albirabogados.com\/pl\/wp-json\/wp\/v2\/users\/1"}],"replies":[{"embeddable":true,"href":"https:\/\/albirabogados.com\/pl\/wp-json\/wp\/v2\/comments?post=954"}],"version-history":[{"count":10,"href":"https:\/\/albirabogados.com\/pl\/wp-json\/wp\/v2\/pages\/954\/revisions"}],"predecessor-version":[{"id":2102,"href":"https:\/\/albirabogados.com\/pl\/wp-json\/wp\/v2\/pages\/954\/revisions\/2102"}],"wp:attachment":[{"href":"https:\/\/albirabogados.com\/pl\/wp-json\/wp\/v2\/media?parent=954"}],"curies":[{"name":"wp","href":"https:\/\/api.w.org\/{rel}","templated":true}]}}