{"id":946,"date":"2020-02-26T10:13:54","date_gmt":"2020-02-26T10:13:54","guid":{"rendered":"https:\/\/www.albirabogados.com\/nie-applications\/"},"modified":"2025-03-21T16:37:05","modified_gmt":"2025-03-21T16:37:05","slug":"wnioski-o-nie","status":"publish","type":"page","link":"https:\/\/albirabogados.com\/pl\/wnioski-o-nie\/","title":{"rendered":"Wnioski o NIE"},"content":{"rendered":"<p>[et_pb_section fb_built=&#8221;1&#8243; _builder_version=&#8221;4.16&#8243; background_color=&#8221;rgba(3,19,43,0.73)&#8221; background_image=&#8221;https:\/\/www.albirabogados.com\/wp-content\/uploads\/2020\/02\/albirabogados-nie-applications.jpg&#8221; background_blend=&#8221;multiply&#8221; custom_padding=&#8221;100px|0px|100px|0px|true|false&#8221; global_colors_info=&#8221;{}&#8221;][et_pb_row _builder_version=&#8221;4.16&#8243; global_colors_info=&#8221;{}&#8221;][et_pb_column type=&#8221;4_4&#8243; _builder_version=&#8221;4.16&#8243; custom_padding=&#8221;|||&#8221; global_colors_info=&#8221;{}&#8221; custom_padding__hover=&#8221;|||&#8221;][et_pb_text _builder_version=&#8221;4.23.1&#8243; text_font=&#8221;||||||||&#8221; header_font=&#8221;||||||||&#8221; header_2_font=&#8221;||||||||&#8221; header_2_font_size=&#8221;46px&#8221; text_orientation=&#8221;center&#8221; background_layout=&#8221;dark&#8221; hover_enabled=&#8221;0&#8243; global_colors_info=&#8221;{}&#8221; sticky_enabled=&#8221;0&#8243;]<\/p>\n<h1 style=\"font-size: 46px;\">Wnioski o NIE<\/h1>\n<p>Cudzoziemcy maj\u0105cy powi\u0105zania gospodarcze, zawodowe lub spo\u0142eczne z Hiszpani\u0105 mog\u0105 osobi\u015bcie ubiega\u0107 si\u0119 o NIE.<\/p>\n<p>[\/et_pb_text][\/et_pb_column][\/et_pb_row][\/et_pb_section][et_pb_section fb_built=&#8221;1&#8243; _builder_version=&#8221;4.16&#8243; custom_padding=&#8221;54px|0px|54px|0px|true|false&#8221; global_colors_info=&#8221;{}&#8221;][et_pb_row _builder_version=&#8221;4.16&#8243; custom_padding=&#8221;12px|0px|0|0px|false|false&#8221; global_colors_info=&#8221;{}&#8221;][et_pb_column type=&#8221;4_4&#8243; _builder_version=&#8221;4.16&#8243; custom_padding=&#8221;|||&#8221; global_colors_info=&#8221;{}&#8221; custom_padding__hover=&#8221;|||&#8221;][et_pb_text _builder_version=&#8221;4.23.1&#8243; hover_enabled=&#8221;0&#8243; global_colors_info=&#8221;{}&#8221; sticky_enabled=&#8221;0&#8243;]<\/p>\n<p>Artyku\u0142 206 przepis\u00f3w ustawy organicznej 4\/2000 w sprawie praw i wolno\u015bci cudzoziemc\u00f3w w Hiszpanii oraz ich integracji spo\u0142ecznej, zatwierdzony dekretem kr\u00f3lewskim 557\/2011 z dnia 20 kwietnia, stanowi, \u017ce cudzoziemcy maj\u0105cy zwi\u0105zek z Hiszpani\u0105 w interesach gospodarczych, zawodowych lub spo\u0142ecznych otrzymuj\u0105 osobisty, niepowtarzalny i wy\u0142\u0105czny numer sekwencyjny do cel\u00f3w identyfikacyjnych.<\/p>\n<p>W zwi\u0105zku z tym cudzoziemcy maj\u0105cy zwi\u0105zek z Hiszpani\u0105 ze wzgl\u0119d\u00f3w gospodarczych, zawodowych lub spo\u0142ecznych mog\u0105 osobi\u015bcie ubiega\u0107 si\u0119 o NIE w Dyrekcji Generalnej Policji, bezpo\u015brednio lub za po\u015brednictwem plac\u00f3wek konsularnych Hiszpanii za granic\u0105.<\/p>\n<p>Wnioski NIE nale\u017cy sk\u0142ada\u0107 w plac\u00f3wce konsularnej okr\u0119gu, w kt\u00f3rym mieszka cudzoziemiec, osobi\u015bcie lub za po\u015brednictwem nale\u017cycie akredytowanego przedstawiciela, a do wniosku nale\u017cy do\u0142\u0105czy\u0107 kopi\u0119 strony biograficznej paszportu zawieraj\u0105cej informacje o posiadaczu (obywatele UE mog\u0105 dostarczy\u0107 kopi\u0119 swojego dowodu osobistego) oraz dow\u00f3d interes\u00f3w gospodarczych, zawodowych lub spo\u0142ecznych uzasadniaj\u0105cych wniosek.<\/p>\n<p>W Albir Abogados pomagamy przy sk\u0142adaniu wniosk\u00f3w o numer identyfikacyjny cudzoziemca (NIE) i za\u015bwiadcze\u0144.<\/p>\n<p>[\/et_pb_text][\/et_pb_column][\/et_pb_row][\/et_pb_section][et_pb_section fb_built=&#8221;1&#8243; _builder_version=&#8221;4.16&#8243; background_color=&#8221;#f5f5f5&#8243; background_image=&#8221;https:\/\/www.albirabogados.com\/wp-content\/uploads\/2019\/05\/albirabogados-cabecera-about-us.jpg&#8221; parallax=&#8221;on&#8221; custom_padding=&#8221;40px|||||&#8221; global_colors_info=&#8221;{}&#8221;][et_pb_row _builder_version=&#8221;4.16&#8243; global_colors_info=&#8221;{}&#8221;][et_pb_column type=&#8221;4_4&#8243; _builder_version=&#8221;4.16&#8243; global_colors_info=&#8221;{}&#8221;][et_pb_text _builder_version=&#8221;4.23.1&#8243; text_font=&#8221;||||||||&#8221; background_layout=&#8221;dark&#8221; custom_margin=&#8221;||18px|||&#8221; hover_enabled=&#8221;0&#8243; global_colors_info=&#8221;{}&#8221; sticky_enabled=&#8221;0&#8243;]<\/p>\n<h3>Oto niekt\u00f3re z najcz\u0119stszych procedur, do kt\u00f3rych b\u0119dziesz potrzebowa\u0107 hiszpa\u0144ski numer NIE:<\/h3>\n<p>[\/et_pb_text][\/et_pb_column][\/et_pb_row][et_pb_row column_structure=&#8221;1_2,1_2&#8243; _builder_version=&#8221;4.16&#8243; global_colors_info=&#8221;{}&#8221;][et_pb_column type=&#8221;1_2&#8243; _builder_version=&#8221;4.16&#8243; custom_padding=&#8221;|||&#8221; global_colors_info=&#8221;{}&#8221; custom_padding__hover=&#8221;|||&#8221;][et_pb_blurb use_icon=&#8221;on&#8221; font_icon=&#8221;&#x5a;||divi||400&#8243; icon_color=&#8221;#ffffff&#8221; icon_placement=&#8221;left&#8221; image_icon_width=&#8221;25px&#8221; _builder_version=&#8221;4.23.1&#8243; background_layout=&#8221;dark&#8221; custom_margin=&#8221;||16px&#8221; hover_enabled=&#8221;0&#8243; icon_font_size=&#8221;25px&#8221; global_colors_info=&#8221;{}&#8221; sticky_enabled=&#8221;0&#8243;]<\/p>\n<p>Otwarcie konta bankowego<\/p>\n<p>[\/et_pb_blurb][et_pb_blurb use_icon=&#8221;on&#8221; font_icon=&#8221;&#x5a;||divi||400&#8243; icon_color=&#8221;#ffffff&#8221; icon_placement=&#8221;left&#8221; image_icon_width=&#8221;25px&#8221; _builder_version=&#8221;4.23.1&#8243; background_layout=&#8221;dark&#8221; custom_margin=&#8221;||16px&#8221; hover_enabled=&#8221;0&#8243; icon_font_size=&#8221;25px&#8221; global_colors_info=&#8221;{}&#8221; sticky_enabled=&#8221;0&#8243;]<\/p>\n<p>Kupno lub sprzeda\u017c pojazd\u00f3w silnikowych<\/p>\n<p>[\/et_pb_blurb][et_pb_blurb use_icon=&#8221;on&#8221; font_icon=&#8221;&#x5a;||divi||400&#8243; icon_color=&#8221;#ffffff&#8221; icon_placement=&#8221;left&#8221; image_icon_width=&#8221;25px&#8221; _builder_version=&#8221;4.23.1&#8243; background_layout=&#8221;dark&#8221; custom_margin=&#8221;||16px&#8221; hover_enabled=&#8221;0&#8243; icon_font_size=&#8221;25px&#8221; global_colors_info=&#8221;{}&#8221; sticky_enabled=&#8221;0&#8243;]<\/p>\n<p>Rozpocz\u0119cie dzia\u0142alno\u015bci na w\u0142asny rachunek<\/p>\n<p>[\/et_pb_blurb][et_pb_blurb use_icon=&#8221;on&#8221; font_icon=&#8221;&#x5a;||divi||400&#8243; icon_color=&#8221;#ffffff&#8221; icon_placement=&#8221;left&#8221; image_icon_width=&#8221;25px&#8221; _builder_version=&#8221;4.23.1&#8243; background_layout=&#8221;dark&#8221; custom_margin=&#8221;||16px&#8221; hover_enabled=&#8221;0&#8243; icon_font_size=&#8221;25px&#8221; global_colors_info=&#8221;{}&#8221; sticky_enabled=&#8221;0&#8243;]<\/p>\n<p>Op\u0142acenie podatku od spadk\u00f3w<\/p>\n<p>[\/et_pb_blurb][et_pb_blurb use_icon=&#8221;on&#8221; font_icon=&#8221;&#x5a;||divi||400&#8243; icon_color=&#8221;#ffffff&#8221; icon_placement=&#8221;left&#8221; image_icon_width=&#8221;25px&#8221; _builder_version=&#8221;4.23.1&#8243; background_layout=&#8221;dark&#8221; custom_margin=&#8221;||16px&#8221; hover_enabled=&#8221;0&#8243; icon_font_size=&#8221;25px&#8221; global_colors_info=&#8221;{}&#8221; sticky_enabled=&#8221;0&#8243;]<\/p>\n<p>Uzyskanie hiszpa\u0144skiego prawa jazdy<\/p>\n<p>[\/et_pb_blurb][\/et_pb_column][et_pb_column type=&#8221;1_2&#8243; _builder_version=&#8221;4.16&#8243; custom_padding=&#8221;|||&#8221; global_colors_info=&#8221;{}&#8221; custom_padding__hover=&#8221;|||&#8221;][et_pb_blurb use_icon=&#8221;on&#8221; font_icon=&#8221;&#x5a;||divi||400&#8243; icon_color=&#8221;#ffffff&#8221; icon_placement=&#8221;left&#8221; image_icon_width=&#8221;25px&#8221; _builder_version=&#8221;4.23.1&#8243; background_layout=&#8221;dark&#8221; custom_margin=&#8221;||16px&#8221; hover_enabled=&#8221;0&#8243; icon_font_size=&#8221;25px&#8221; global_colors_info=&#8221;{}&#8221; sticky_enabled=&#8221;0&#8243;]<\/p>\n<p>Kupno lub sprzeda\u017c nieruchomo\u015bci<\/p>\n<p>[\/et_pb_blurb][et_pb_blurb use_icon=&#8221;on&#8221; font_icon=&#8221;&#x5a;||divi||400&#8243; icon_color=&#8221;#ffffff&#8221; icon_placement=&#8221;left&#8221; image_icon_width=&#8221;25px&#8221; _builder_version=&#8221;4.23.1&#8243; background_layout=&#8221;dark&#8221; custom_margin=&#8221;||16px&#8221; hover_enabled=&#8221;0&#8243; icon_font_size=&#8221;25px&#8221; global_colors_info=&#8221;{}&#8221; sticky_enabled=&#8221;0&#8243;]<\/p>\n<p>Op\u0142acenie podatk\u00f3w w Hiszpanii<\/p>\n<p>[\/et_pb_blurb][et_pb_blurb use_icon=&#8221;on&#8221; font_icon=&#8221;&#x5a;||divi||400&#8243; icon_color=&#8221;#ffffff&#8221; icon_placement=&#8221;left&#8221; image_icon_width=&#8221;25px&#8221; _builder_version=&#8221;4.23.1&#8243; background_layout=&#8221;dark&#8221; custom_margin=&#8221;||16px&#8221; hover_enabled=&#8221;0&#8243; icon_font_size=&#8221;25px&#8221; global_colors_info=&#8221;{}&#8221; sticky_enabled=&#8221;0&#8243;]<\/p>\n<p>Legalne zatrudnienie<\/p>\n<p>[\/et_pb_blurb][et_pb_blurb use_icon=&#8221;on&#8221; font_icon=&#8221;&#x5a;||divi||400&#8243; icon_color=&#8221;#ffffff&#8221; icon_placement=&#8221;left&#8221; image_icon_width=&#8221;25px&#8221; _builder_version=&#8221;4.23.1&#8243; background_layout=&#8221;dark&#8221; custom_margin=&#8221;||16px&#8221; hover_enabled=&#8221;0&#8243; icon_font_size=&#8221;25px&#8221; global_colors_info=&#8221;{}&#8221; sticky_enabled=&#8221;0&#8243;]<\/p>\n<p>Rejestracja dzia\u0142alno\u015bci gospodarczej<\/p>\n<p>[\/et_pb_blurb][\/et_pb_column][\/et_pb_row][et_pb_row _builder_version=&#8221;4.16&#8243; global_colors_info=&#8221;{}&#8221;][et_pb_column type=&#8221;4_4&#8243; _builder_version=&#8221;4.16&#8243; global_colors_info=&#8221;{}&#8221;][et_pb_text _builder_version=&#8221;4.23.1&#8243; background_layout=&#8221;dark&#8221; hover_enabled=&#8221;0&#8243; global_colors_info=&#8221;{}&#8221; locked=&#8221;off&#8221; sticky_enabled=&#8221;0&#8243;]<\/p>\n<p>Lista jest d\u0142uga, ale jako og\u00f3lna zasada, wszelkie dzia\u0142ania o charakterze prawnym b\u0119d\u0105 wymaga\u0142y posiadanie hiszpa\u0144skiego numeru NIE.<\/p>\n<p>&nbsp;<\/p>\n<h4>Wskaz\u00f3wki dotycz\u0105ce udanego z\u0142o\u017cenia wniosku<\/h4>\n<ol>\n<li style=\"font-weight: 400;\" aria-level=\"1\"><strong>Sprawd\u017a wymagania z wyprzedzeniem<\/strong>: Wymagania mog\u0105 ulec zmianie, dlatego wa\u017cne jest, aby sprawdzi\u0107 najnowsze informacje przed z\u0142o\u017ceniem wniosku.<\/li>\n<li style=\"font-weight: 400;\" aria-level=\"1\"><strong>Przygotuj t\u0142umaczenia i po\u015bwiadczenia<\/strong>: Dokumenty, kt\u00f3re nie s\u0105 w j\u0119zyku hiszpa\u0144skim b\u0119d\u0105 wymaga\u0142y t\u0142umaczenia przysi\u0119g\u0142ego. Niekt\u00f3re dokumenty mog\u0105 r\u00f3wnie\u017c wymaga\u0107 po\u015bwiadczenia ich autentyczno\u015bci.<\/li>\n<li style=\"font-weight: 400;\" aria-level=\"1\"><strong>Przybywaj wcze\u015bniej na spotkania<\/strong>: Biura rz\u0105dowe mog\u0105 by\u0107 zaj\u0119te, a wcze\u015bniejsze przybycie gwarantuje, \u017ce zostaniesz przyj\u0119ty na czas.<\/li>\n<li style=\"font-weight: 400;\" aria-level=\"1\"><strong>Zapoznaj si\u0119 z lokalnymi procedurami<\/strong>: R\u00f3\u017cne regiony mog\u0105 mie\u0107 nieco inne procesy lub dodatkowe wymagania, wi\u0119c b\u0105d\u017a na bie\u017c\u0105co.<\/li>\n<li style=\"font-weight: 400;\" aria-level=\"1\"><strong>Rozwa\u017c skorzystanie z pomocy przedstawiciela<\/strong>: Je\u015bli nie jeste\u015b w stanie z\u0142o\u017cy\u0107 wniosku samodzielnie, przedstawiciel prawny mo\u017ce z\u0142o\u017cy\u0107 wniosek w Twoim imieniu z odpowiednim upowa\u017cnieniem.<\/li>\n<li style=\"font-weight: 400;\" aria-level=\"1\"><strong>Zachowaj kopie wszystkich dokument\u00f3w<\/strong>: Zr\u00f3b wiele kopii wszystkich dokument\u00f3w i przechowuj orygina\u0142y w bezpiecznym miejscu.<\/li>\n<li style=\"font-weight: 400;\" aria-level=\"1\"><strong>B\u0105d\u017a cierpliwy<\/strong>: Proces mo\u017ce zaj\u0105\u0107 troch\u0119 czasu, szczeg\u00f3lnie w okresach najwi\u0119kszego obci\u0105\u017cenia lub w du\u017cych miastach.<\/li>\n<\/ol>\n<p><span style=\"font-weight: 400;\"><\/span><\/p>\n<p>Ubieganie si\u0119 o NIE w Hiszpanii jest podstawowym krokiem dla ka\u017cdego obcokrajowca planuj\u0105cego zaanga\u017cowa\u0107 si\u0119 w dzia\u0142alno\u015b\u0107 finansow\u0105 lub zawodow\u0105. Chocia\u017c proces ten mo\u017ce pocz\u0105tkowo wydawa\u0107 si\u0119 zniech\u0119caj\u0105cy, dok\u0142adne przygotowanie i zrozumienie zwi\u0105zanych z nim krok\u00f3w mo\u017ce sprawi\u0107, \u017ce b\u0119dzie on znacznie \u0142atwiejszy do opanowania. Post\u0119puj\u0105c zgodnie z wytycznymi opisanymi powy\u017cej, mo\u017cesz z wi\u0119ksz\u0105 \u0142atwo\u015bci\u0105 porusza\u0107 si\u0119 po procesie sk\u0142adania wniosku i zapewni\u0107 sobie NIE bez niepotrzebnych k\u0142opot\u00f3w.<\/p>\n<p><span style=\"font-weight: 400;\"><\/span><\/p>\n<p><span style=\"font-weight: 400;\"><\/span><\/p>\n<p>[\/et_pb_text][\/et_pb_column][\/et_pb_row][\/et_pb_section][et_pb_section fb_built=&#8221;1&#8243; _builder_version=&#8221;4.16&#8243; global_colors_info=&#8221;{}&#8221;][et_pb_row _builder_version=&#8221;4.16&#8243; global_colors_info=&#8221;{}&#8221;][et_pb_column type=&#8221;4_4&#8243; _builder_version=&#8221;4.16&#8243; global_colors_info=&#8221;{}&#8221;][et_pb_text _builder_version=&#8221;4.23.1&#8243; text_font_size=&#8221;18px&#8221; hover_enabled=&#8221;0&#8243; global_colors_info=&#8221;{}&#8221; sticky_enabled=&#8221;0&#8243;]<\/p>\n<p>Je\u015bli nie chcesz martwi\u0107 si\u0119 dokumentacj\u0105, papierkow\u0105 robot\u0105, spotkaniami i biurokracj\u0105, pozw\u00f3l nam zaj\u0105\u0107 si\u0119 wszystkim, a my sprawimy, \u017ce proces b\u0119dzie dla Ciebie \u0142atwy i p\u0142ynny. Wystarczy tylko cieszy\u0107 si\u0119 naszym krajem!<\/p>\n<p>[\/et_pb_text][\/et_pb_column][\/et_pb_row][\/et_pb_section][et_pb_section fb_built=&#8221;1&#8243; _builder_version=&#8221;4.23.1&#8243; background_image=&#8221;https:\/\/www.albirabogados.com\/wp-content\/uploads\/2025\/03\/Oficina-2.jpg&#8221; custom_padding=&#8221;130px|0px|130px|0px|true|false&#8221; saved_tabs=&#8221;all&#8221; locked=&#8221;off&#8221; global_colors_info=&#8221;{}&#8221;][et_pb_row _builder_version=&#8221;4.16&#8243; global_colors_info=&#8221;{}&#8221;][et_pb_column type=&#8221;4_4&#8243; _builder_version=&#8221;4.16&#8243; custom_padding=&#8221;|||&#8221; global_colors_info=&#8221;{}&#8221; custom_padding__hover=&#8221;|||&#8221;][et_pb_text _builder_version=&#8221;4.23.1&#8243; text_font=&#8221;||||||||&#8221; text_font_size=&#8221;20px&#8221; header_font=&#8221;||||||||&#8221; header_2_font=&#8221;||||||||&#8221; header_2_font_size=&#8221;46px&#8221; text_orientation=&#8221;center&#8221; background_layout=&#8221;dark&#8221; text_text_shadow_style=&#8221;preset3&#8243; global_colors_info=&#8221;{}&#8221;]<\/p>\n<h2>Jeste\u015bmy lud\u017ami, kt\u00f3rzy pracuj\u0105 dla ludzi<\/h2>\n<p>\u015awiadczymy pe\u0142en zakres us\u0142ug, kt\u00f3rym mo\u017cesz zaufa\u0107.<\/p>\n<p>[\/et_pb_text][et_pb_button button_url=&#8221;\/contact\/&#8221; button_text=&#8221;skontaktuj si\u0119 z nami&#8221; button_alignment=&#8221;center&#8221; _builder_version=&#8221;4.23.1&#8243; background_layout=&#8221;dark&#8221; global_colors_info=&#8221;{}&#8221;][\/et_pb_button][\/et_pb_column][\/et_pb_row][\/et_pb_section]<\/p>\n","protected":false},"excerpt":{"rendered":"<p>Wnioski o NIE Cudzoziemcy maj\u0105cy powi\u0105zania gospodarcze, zawodowe lub spo\u0142eczne z Hiszpani\u0105 mog\u0105 osobi\u015bcie ubiega\u0107 si\u0119 o NIE.Artyku\u0142 206 przepis\u00f3w ustawy organicznej 4\/2000 w sprawie praw i wolno\u015bci cudzoziemc\u00f3w w Hiszpanii oraz ich integracji spo\u0142ecznej, zatwierdzony dekretem kr\u00f3lewskim 557\/2011 z dnia 20 kwietnia, stanowi, \u017ce cudzoziemcy maj\u0105cy zwi\u0105zek z Hiszpani\u0105 w interesach gospodarczych, zawodowych lub [&hellip;]<\/p>\n","protected":false},"author":1,"featured_media":0,"parent":0,"menu_order":0,"comment_status":"closed","ping_status":"closed","template":"","meta":{"_et_pb_use_builder":"on","_et_pb_old_content":"<!-- wp:divi\/placeholder \/-->","_et_gb_content_width":"","footnotes":""},"class_list":["post-946","page","type-page","status-publish","hentry"],"yoast_head":"<!-- This site is optimized with the Yoast SEO plugin v27.4 - https:\/\/yoast.com\/product\/yoast-seo-wordpress\/ -->\n<title>Wnioski o NIE - Albir Abogados \u00b7 International Law Firm since 1999<\/title>\n<meta name=\"description\" content=\"Wnioski o NIE. Firm of Spanish and independent Lawyers and advisers specialized in property law, inheritance law, litigation and tax law.\" \/>\n<meta name=\"robots\" content=\"index, follow, max-snippet:-1, max-image-preview:large, max-video-preview:-1\" \/>\n<link rel=\"canonical\" href=\"https:\/\/albirabogados.com\/pl\/wnioski-o-nie\/\" \/>\n<meta property=\"og:locale\" content=\"pl_PL\" \/>\n<meta property=\"og:type\" content=\"article\" \/>\n<meta property=\"og:title\" content=\"Wnioski o NIE - Albir Abogados \u00b7 International Law Firm since 1999\" \/>\n<meta property=\"og:description\" content=\"Wnioski o NIE. Firm of Spanish and independent Lawyers and advisers specialized in property law, inheritance law, litigation and tax law.\" \/>\n<meta property=\"og:url\" content=\"https:\/\/albirabogados.com\/pl\/wnioski-o-nie\/\" \/>\n<meta property=\"og:site_name\" content=\"Albir Abogados \u00b7 International Law Firm since 1999\" \/>\n<meta property=\"article:publisher\" content=\"https:\/\/www.facebook.com\/albirabogados\" \/>\n<meta property=\"article:modified_time\" content=\"2025-03-21T16:37:05+00:00\" \/>\n<meta name=\"twitter:card\" content=\"summary_large_image\" \/>\n<meta name=\"twitter:label1\" content=\"Szacowany czas czytania\" \/>\n\t<meta name=\"twitter:data1\" content=\"2 minuty\" \/>\n<script type=\"application\/ld+json\" class=\"yoast-schema-graph\">{\"@context\":\"https:\\\/\\\/schema.org\",\"@graph\":[{\"@type\":\"WebPage\",\"@id\":\"https:\\\/\\\/albirabogados.com\\\/pl\\\/wnioski-o-nie\\\/\",\"url\":\"https:\\\/\\\/albirabogados.com\\\/pl\\\/wnioski-o-nie\\\/\",\"name\":\"Wnioski o NIE - Albir Abogados \u00b7 International Law Firm since 1999\",\"isPartOf\":{\"@id\":\"https:\\\/\\\/albirabogados.com\\\/#website\"},\"datePublished\":\"2020-02-26T10:13:54+00:00\",\"dateModified\":\"2025-03-21T16:37:05+00:00\",\"description\":\"Wnioski o NIE. Firm of Spanish and independent Lawyers and advisers specialized in property law, inheritance law, litigation and tax law.\",\"breadcrumb\":{\"@id\":\"https:\\\/\\\/albirabogados.com\\\/pl\\\/wnioski-o-nie\\\/#breadcrumb\"},\"inLanguage\":\"pl-PL\",\"potentialAction\":[{\"@type\":\"ReadAction\",\"target\":[\"https:\\\/\\\/albirabogados.com\\\/pl\\\/wnioski-o-nie\\\/\"]}]},{\"@type\":\"BreadcrumbList\",\"@id\":\"https:\\\/\\\/albirabogados.com\\\/pl\\\/wnioski-o-nie\\\/#breadcrumb\",\"itemListElement\":[{\"@type\":\"ListItem\",\"position\":1,\"name\":\"Home\",\"item\":\"https:\\\/\\\/albirabogados.com\\\/pl\\\/\"},{\"@type\":\"ListItem\",\"position\":2,\"name\":\"Wnioski o NIE\"}]},{\"@type\":\"WebSite\",\"@id\":\"https:\\\/\\\/albirabogados.com\\\/#website\",\"url\":\"https:\\\/\\\/albirabogados.com\\\/\",\"name\":\"Albir Abogados \u00b7 International Law Firm since 1999\",\"description\":\"International Law Firm since 1999\",\"publisher\":{\"@id\":\"https:\\\/\\\/albirabogados.com\\\/#organization\"},\"potentialAction\":[{\"@type\":\"SearchAction\",\"target\":{\"@type\":\"EntryPoint\",\"urlTemplate\":\"https:\\\/\\\/albirabogados.com\\\/?s={search_term_string}\"},\"query-input\":{\"@type\":\"PropertyValueSpecification\",\"valueRequired\":true,\"valueName\":\"search_term_string\"}}],\"inLanguage\":\"pl-PL\"},{\"@type\":\"Organization\",\"@id\":\"https:\\\/\\\/albirabogados.com\\\/#organization\",\"name\":\"Albir Abogados\",\"url\":\"https:\\\/\\\/albirabogados.com\\\/\",\"logo\":{\"@type\":\"ImageObject\",\"inLanguage\":\"pl-PL\",\"@id\":\"https:\\\/\\\/albirabogados.com\\\/#\\\/schema\\\/logo\\\/image\\\/\",\"url\":\"https:\\\/\\\/www.albirabogados.com\\\/wp-content\\\/uploads\\\/2020\\\/01\\\/albirabogados-logo-5.png\",\"contentUrl\":\"https:\\\/\\\/www.albirabogados.com\\\/wp-content\\\/uploads\\\/2020\\\/01\\\/albirabogados-logo-5.png\",\"width\":800,\"height\":269,\"caption\":\"Albir Abogados\"},\"image\":{\"@id\":\"https:\\\/\\\/albirabogados.com\\\/#\\\/schema\\\/logo\\\/image\\\/\"},\"sameAs\":[\"https:\\\/\\\/www.facebook.com\\\/albirabogados\"]}]}<\/script>\n<!-- \/ Yoast SEO plugin. -->","yoast_head_json":{"title":"Wnioski o NIE - Albir Abogados \u00b7 International Law Firm since 1999","description":"Wnioski o NIE. Firm of Spanish and independent Lawyers and advisers specialized in property law, inheritance law, litigation and tax law.","robots":{"index":"index","follow":"follow","max-snippet":"max-snippet:-1","max-image-preview":"max-image-preview:large","max-video-preview":"max-video-preview:-1"},"canonical":"https:\/\/albirabogados.com\/pl\/wnioski-o-nie\/","og_locale":"pl_PL","og_type":"article","og_title":"Wnioski o NIE - Albir Abogados \u00b7 International Law Firm since 1999","og_description":"Wnioski o NIE. Firm of Spanish and independent Lawyers and advisers specialized in property law, inheritance law, litigation and tax law.","og_url":"https:\/\/albirabogados.com\/pl\/wnioski-o-nie\/","og_site_name":"Albir Abogados \u00b7 International Law Firm since 1999","article_publisher":"https:\/\/www.facebook.com\/albirabogados","article_modified_time":"2025-03-21T16:37:05+00:00","twitter_card":"summary_large_image","twitter_misc":{"Szacowany czas czytania":"2 minuty"},"schema":{"@context":"https:\/\/schema.org","@graph":[{"@type":"WebPage","@id":"https:\/\/albirabogados.com\/pl\/wnioski-o-nie\/","url":"https:\/\/albirabogados.com\/pl\/wnioski-o-nie\/","name":"Wnioski o NIE - Albir Abogados \u00b7 International Law Firm since 1999","isPartOf":{"@id":"https:\/\/albirabogados.com\/#website"},"datePublished":"2020-02-26T10:13:54+00:00","dateModified":"2025-03-21T16:37:05+00:00","description":"Wnioski o NIE. Firm of Spanish and independent Lawyers and advisers specialized in property law, inheritance law, litigation and tax law.","breadcrumb":{"@id":"https:\/\/albirabogados.com\/pl\/wnioski-o-nie\/#breadcrumb"},"inLanguage":"pl-PL","potentialAction":[{"@type":"ReadAction","target":["https:\/\/albirabogados.com\/pl\/wnioski-o-nie\/"]}]},{"@type":"BreadcrumbList","@id":"https:\/\/albirabogados.com\/pl\/wnioski-o-nie\/#breadcrumb","itemListElement":[{"@type":"ListItem","position":1,"name":"Home","item":"https:\/\/albirabogados.com\/pl\/"},{"@type":"ListItem","position":2,"name":"Wnioski o NIE"}]},{"@type":"WebSite","@id":"https:\/\/albirabogados.com\/#website","url":"https:\/\/albirabogados.com\/","name":"Albir Abogados \u00b7 International Law Firm since 1999","description":"International Law Firm since 1999","publisher":{"@id":"https:\/\/albirabogados.com\/#organization"},"potentialAction":[{"@type":"SearchAction","target":{"@type":"EntryPoint","urlTemplate":"https:\/\/albirabogados.com\/?s={search_term_string}"},"query-input":{"@type":"PropertyValueSpecification","valueRequired":true,"valueName":"search_term_string"}}],"inLanguage":"pl-PL"},{"@type":"Organization","@id":"https:\/\/albirabogados.com\/#organization","name":"Albir Abogados","url":"https:\/\/albirabogados.com\/","logo":{"@type":"ImageObject","inLanguage":"pl-PL","@id":"https:\/\/albirabogados.com\/#\/schema\/logo\/image\/","url":"https:\/\/www.albirabogados.com\/wp-content\/uploads\/2020\/01\/albirabogados-logo-5.png","contentUrl":"https:\/\/www.albirabogados.com\/wp-content\/uploads\/2020\/01\/albirabogados-logo-5.png","width":800,"height":269,"caption":"Albir Abogados"},"image":{"@id":"https:\/\/albirabogados.com\/#\/schema\/logo\/image\/"},"sameAs":["https:\/\/www.facebook.com\/albirabogados"]}]}},"_links":{"self":[{"href":"https:\/\/albirabogados.com\/pl\/wp-json\/wp\/v2\/pages\/946","targetHints":{"allow":["GET"]}}],"collection":[{"href":"https:\/\/albirabogados.com\/pl\/wp-json\/wp\/v2\/pages"}],"about":[{"href":"https:\/\/albirabogados.com\/pl\/wp-json\/wp\/v2\/types\/page"}],"author":[{"embeddable":true,"href":"https:\/\/albirabogados.com\/pl\/wp-json\/wp\/v2\/users\/1"}],"replies":[{"embeddable":true,"href":"https:\/\/albirabogados.com\/pl\/wp-json\/wp\/v2\/comments?post=946"}],"version-history":[{"count":4,"href":"https:\/\/albirabogados.com\/pl\/wp-json\/wp\/v2\/pages\/946\/revisions"}],"predecessor-version":[{"id":2009,"href":"https:\/\/albirabogados.com\/pl\/wp-json\/wp\/v2\/pages\/946\/revisions\/2009"}],"wp:attachment":[{"href":"https:\/\/albirabogados.com\/pl\/wp-json\/wp\/v2\/media?parent=946"}],"curies":[{"name":"wp","href":"https:\/\/api.w.org\/{rel}","templated":true}]}}