{"id":2050,"date":"2025-03-21T17:30:17","date_gmt":"2025-03-21T17:30:17","guid":{"rendered":"https:\/\/www.albirabogados.com\/?page_id=2050"},"modified":"2025-03-21T19:12:31","modified_gmt":"2025-03-21T19:12:31","slug":"fiscal-tributary-advice","status":"publish","type":"page","link":"https:\/\/albirabogados.com\/pl\/fiscal-tributary-advice\/","title":{"rendered":"Doradztwo podatkowe"},"content":{"rendered":"<p>[et_pb_section fb_built=&#8221;1&#8243; _builder_version=&#8221;4.16&#8243; background_color=&#8221;rgba(3,19,43,0.73)&#8221; background_image=&#8221;https:\/\/www.albirabogados.com\/wp-content\/uploads\/2020\/02\/albirabogados-tributary.jpg&#8221; background_blend=&#8221;multiply&#8221; custom_padding=&#8221;100px|0px|100px|0px|true|false&#8221; global_colors_info=&#8221;{}&#8221;][et_pb_row _builder_version=&#8221;4.16&#8243; global_colors_info=&#8221;{}&#8221;][et_pb_column type=&#8221;4_4&#8243; _builder_version=&#8221;4.16&#8243; custom_padding=&#8221;|||&#8221; global_colors_info=&#8221;{}&#8221; custom_padding__hover=&#8221;|||&#8221;][et_pb_text _builder_version=&#8221;4.23.1&#8243; text_font=&#8221;||||||||&#8221; header_font=&#8221;||||||||&#8221; header_2_font=&#8221;||||||||&#8221; header_2_font_size=&#8221;46px&#8221; text_orientation=&#8221;center&#8221; background_layout=&#8221;dark&#8221; global_colors_info=&#8221;{}&#8221;]<\/p>\n<h1 style=\"font-size: 46px;\">Doradztwo podatkowe<\/h1>\n<p>W Albir Abogados oferujemy wyspecjalizowane us\u0142ugi, takie jak doradztwo podatkowe<\/p>\n<p>[\/et_pb_text][\/et_pb_column][\/et_pb_row][\/et_pb_section][et_pb_section fb_built=&#8221;1&#8243; _builder_version=&#8221;4.23.1&#8243; custom_padding=&#8221;54px|0px|54px|0px|true|false&#8221; global_colors_info=&#8221;{}&#8221;][et_pb_row _builder_version=&#8221;4.16&#8243; min_height=&#8221;11.1px&#8221; custom_padding=&#8221;12px|0px|0|0px|false|false&#8221; global_colors_info=&#8221;{}&#8221;][et_pb_column type=&#8221;4_4&#8243; _builder_version=&#8221;4.16&#8243; custom_padding=&#8221;|||&#8221; global_colors_info=&#8221;{}&#8221; custom_padding__hover=&#8221;|||&#8221;][et_pb_text _builder_version=&#8221;4.23.1&#8243; global_colors_info=&#8221;{}&#8221;]<\/p>\n<p>W Albir Abogados jeste\u015bmy liderem w zakresie mi\u0119dzynarodowych us\u0142ug prawnych od 1999 roku, obs\u0142uguj\u0105c Altea, Alicante z niezr\u00f3wnan\u0105 wiedz\u0105 specjalistyczn\u0105. Nasza kancelaria jest znana ze swojej specjalizacji w prawie nieruchomo\u015bci, prawie spadkowym, doradztwie podatkowym, sporach s\u0105dowych i prawie podatkowym. Nasz zesp\u00f3\u0142 do\u015bwiadczonych prawnik\u00f3w jest zaanga\u017cowany w dostarczanie dostosowanych rozwi\u0105za\u0144 prawnych, kt\u00f3re zaspokajaj\u0105 potrzeby zar\u00f3wno klient\u00f3w indywidualnych, jak i korporacyjnych na ca\u0142ym \u015bwiecie. Niezale\u017cnie od tego, czy poruszasz si\u0119 po zawi\u0142o\u015bciach transgranicznego dziedziczenia, anga\u017cujesz si\u0119 w transakcje dotycz\u0105ce nieruchomo\u015bci, czy szukasz wskaz\u00f3wek w sprawach podatkowych, nasze podej\u015bcie ma na celu zapewnienie jasno\u015bci, zgodno\u015bci i spokoju ducha. Polegaj na naszej sprawdzonej wiedzy i nieustannym zaanga\u017cowaniu w ochron\u0119 Twoich interes\u00f3w prawnych z zachowaniem dok\u0142adno\u015bci i staranno\u015bci.<\/p>\n<p>Nasz zesp\u00f3\u0142 angloj\u0119zycznych ekspert\u00f3w prawnych specjalizuje si\u0119 w zapewnianiu kompleksowego doradztwa podatkowego dostosowanego zar\u00f3wno do klient\u00f3w indywidualnych, jak i firm, niezale\u017cnie od tego, czy jeste\u015b rezydentem, czy nierezydentem. Naszym celem jest uproszczenie i u\u0142atwienie wszystkich potrzeb zwi\u0105zanych z podatkami, zapewniaj\u0105c p\u0142ynne i bezproblemowe do\u015bwiadczenie w codziennych operacjach. Zaufaj nam, \u017ce b\u0119dziemy porusza\u0107 si\u0119 po zawi\u0142o\u015bciach przepis\u00f3w podatkowych w Twoim imieniu, czyni\u0105c Twoje obowi\u0105zki podatkowe prostymi i \u0142atwymi w zarz\u0105dzaniu.<\/p>\n<p>[\/et_pb_text][\/et_pb_column][\/et_pb_row][\/et_pb_section][et_pb_section fb_built=&#8221;1&#8243; _builder_version=&#8221;4.16&#8243; background_color=&#8221;#f5f5f5&#8243; global_colors_info=&#8221;{}&#8221;][et_pb_row _builder_version=&#8221;4.16&#8243; global_colors_info=&#8221;{}&#8221;][et_pb_column type=&#8221;4_4&#8243; _builder_version=&#8221;4.16&#8243; global_colors_info=&#8221;{}&#8221;][et_pb_text _builder_version=&#8221;4.23.1&#8243; custom_margin=&#8221;||-7px|||&#8221; global_colors_info=&#8221;{}&#8221;]<\/p>\n<h3>Niekt\u00f3re z oferowanych przez nas us\u0142ug to:<\/h3>\n<p>[\/et_pb_text][\/et_pb_column][\/et_pb_row][et_pb_row column_structure=&#8221;1_2,1_2&#8243; _builder_version=&#8221;4.16&#8243; global_colors_info=&#8221;{}&#8221;][et_pb_column type=&#8221;1_2&#8243; _builder_version=&#8221;4.16&#8243; custom_padding=&#8221;|||&#8221; global_colors_info=&#8221;{}&#8221; custom_padding__hover=&#8221;|||&#8221;][et_pb_blurb use_icon=&#8221;on&#8221; font_icon=&#8221;&#x5a;||divi||400&#8243; icon_placement=&#8221;left&#8221; image_icon_width=&#8221;25px&#8221; _builder_version=&#8221;4.23.1&#8243; custom_margin=&#8221;||16px&#8221; icon_font_size=&#8221;25px&#8221; global_colors_info=&#8221;{}&#8221;]<\/p>\n<p>Doradztwo podatkowe, ksi\u0119gowe i fiskalne dla mieszka\u0144c\u00f3w Hiszpanii i nierezydent\u00f3w.<\/p>\n<p>[\/et_pb_blurb][et_pb_blurb use_icon=&#8221;on&#8221; font_icon=&#8221;&#x5a;||divi||400&#8243; icon_placement=&#8221;left&#8221; image_icon_width=&#8221;25px&#8221; _builder_version=&#8221;4.23.1&#8243; custom_margin=&#8221;||16px&#8221; icon_font_size=&#8221;25px&#8221; global_colors_info=&#8221;{}&#8221;]<\/p>\n<p>Doradztwo podatkowe i ksi\u0119gowo\u015b\u0107 dla firm.<\/p>\n<p>[\/et_pb_blurb][et_pb_blurb use_icon=&#8221;on&#8221; font_icon=&#8221;&#x5a;||divi||400&#8243; icon_placement=&#8221;left&#8221; image_icon_width=&#8221;25px&#8221; _builder_version=&#8221;4.23.1&#8243; custom_margin=&#8221;||16px&#8221; icon_font_size=&#8221;25px&#8221; global_colors_info=&#8221;{}&#8221;]<\/p>\n<p>Formularze zobowi\u0105za\u0144 podatkowych dla os\u00f3b fizycznych i prawnych.<\/p>\n<p>[\/et_pb_blurb][et_pb_blurb use_icon=&#8221;on&#8221; font_icon=&#8221;&#x5a;||divi||400&#8243; icon_placement=&#8221;left&#8221; image_icon_width=&#8221;25px&#8221; _builder_version=&#8221;4.23.1&#8243; custom_margin=&#8221;||16px&#8221; icon_font_size=&#8221;25px&#8221; global_colors_info=&#8221;{}&#8221;]<\/p>\n<p>Podatek dochodowy od os\u00f3b prawnych i podatek od towar\u00f3w i us\u0142ug.<\/p>\n<p>[\/et_pb_blurb][et_pb_blurb use_icon=&#8221;on&#8221; font_icon=&#8221;&#x5a;||divi||400&#8243; icon_placement=&#8221;left&#8221; image_icon_width=&#8221;25px&#8221; _builder_version=&#8221;4.23.1&#8243; custom_margin=&#8221;||16px&#8221; icon_font_size=&#8221;25px&#8221; global_colors_info=&#8221;{}&#8221;]<\/p>\n<p>Opracowanie tryb\u00f3w przechowywania.<\/p>\n<p>[\/et_pb_blurb][et_pb_blurb use_icon=&#8221;on&#8221; font_icon=&#8221;&#x5a;||divi||400&#8243; icon_placement=&#8221;left&#8221; image_icon_width=&#8221;25px&#8221; _builder_version=&#8221;4.23.1&#8243; custom_margin=&#8221;||16px&#8221; icon_font_size=&#8221;25px&#8221; global_colors_info=&#8221;{}&#8221;]<\/p>\n<p>Podatek dochodowy i deklaracje kapita\u0142owe.<\/p>\n<p>[\/et_pb_blurb][et_pb_blurb use_icon=&#8221;on&#8221; font_icon=&#8221;&#x5a;||divi||400&#8243; icon_placement=&#8221;left&#8221; image_icon_width=&#8221;25px&#8221; _builder_version=&#8221;4.23.1&#8243; custom_margin=&#8221;||16px&#8221; icon_font_size=&#8221;25px&#8221; global_colors_info=&#8221;{}&#8221;]<\/p>\n<p>Planowanie podatkowe.<\/p>\n<p>[\/et_pb_blurb][et_pb_blurb use_icon=&#8221;on&#8221; font_icon=&#8221;&#x5a;||divi||400&#8243; icon_placement=&#8221;left&#8221; image_icon_width=&#8221;25px&#8221; _builder_version=&#8221;4.23.1&#8243; custom_margin=&#8221;||16px&#8221; icon_font_size=&#8221;25px&#8221; global_colors_info=&#8221;{}&#8221;]<\/p>\n<p>Doradztwo w zakresie restrukturyzacji dzia\u0142alno\u015bci.<\/p>\n<p>[\/et_pb_blurb][et_pb_blurb use_icon=&#8221;on&#8221; font_icon=&#8221;&#x5a;||divi||400&#8243; icon_placement=&#8221;left&#8221; image_icon_width=&#8221;25px&#8221; _builder_version=&#8221;4.23.1&#8243; custom_margin=&#8221;||16px&#8221; icon_font_size=&#8221;25px&#8221; global_colors_info=&#8221;{}&#8221;]<\/p>\n<p>Rzeczywiste opodatkowanie pa\u0144stwowe.<\/p>\n<p>[\/et_pb_blurb][\/et_pb_column][et_pb_column type=&#8221;1_2&#8243; _builder_version=&#8221;4.16&#8243; custom_padding=&#8221;|||&#8221; global_colors_info=&#8221;{}&#8221; custom_padding__hover=&#8221;|||&#8221;][et_pb_blurb use_icon=&#8221;on&#8221; font_icon=&#8221;&#x5a;||divi||400&#8243; icon_placement=&#8221;left&#8221; image_icon_width=&#8221;25px&#8221; _builder_version=&#8221;4.23.1&#8243; custom_margin=&#8221;||16px&#8221; icon_font_size=&#8221;25px&#8221; global_colors_info=&#8221;{}&#8221;]<\/p>\n<p>Planowanie sukcesji i doradztwo.<\/p>\n<p>[\/et_pb_blurb][et_pb_blurb use_icon=&#8221;on&#8221; font_icon=&#8221;&#x5a;||divi||400&#8243; icon_placement=&#8221;left&#8221; image_icon_width=&#8221;25px&#8221; _builder_version=&#8221;4.23.1&#8243; custom_margin=&#8221;||16px&#8221; icon_font_size=&#8221;25px&#8221; global_colors_info=&#8221;{}&#8221;]<\/p>\n<p>Doradztwo w zakresie darowizn.<\/p>\n<p>[\/et_pb_blurb][et_pb_blurb use_icon=&#8221;on&#8221; font_icon=&#8221;&#x5a;||divi||400&#8243; icon_placement=&#8221;left&#8221; image_icon_width=&#8221;25px&#8221; _builder_version=&#8221;4.23.1&#8243; custom_margin=&#8221;||16px&#8221; icon_font_size=&#8221;25px&#8221; global_colors_info=&#8221;{}&#8221;]<\/p>\n<p>Odwo\u0142ania i procedury w Urz\u0119dzie Skarbowym.<\/p>\n<p>[\/et_pb_blurb][et_pb_blurb use_icon=&#8221;on&#8221; font_icon=&#8221;&#x5a;||divi||400&#8243; icon_placement=&#8221;left&#8221; image_icon_width=&#8221;25px&#8221; _builder_version=&#8221;4.23.1&#8243; custom_margin=&#8221;||16px&#8221; icon_font_size=&#8221;25px&#8221; global_colors_info=&#8221;{}&#8221;]<\/p>\n<p>Wnioski o potr\u0105cenie podatku dla nierezydent\u00f3w.<\/p>\n<p>[\/et_pb_blurb][et_pb_blurb use_icon=&#8221;on&#8221; font_icon=&#8221;&#x5a;||divi||400&#8243; icon_placement=&#8221;left&#8221; image_icon_width=&#8221;25px&#8221; _builder_version=&#8221;4.23.1&#8243; custom_margin=&#8221;||16px&#8221; icon_font_size=&#8221;25px&#8221; global_colors_info=&#8221;{}&#8221;]<\/p>\n<p>Odwo\u0142ania od rad i SUMA (plusvalias).<\/p>\n<p>[\/et_pb_blurb][et_pb_blurb use_icon=&#8221;on&#8221; font_icon=&#8221;&#x5a;||divi||400&#8243; icon_placement=&#8221;left&#8221; image_icon_width=&#8221;25px&#8221; _builder_version=&#8221;4.23.1&#8243; custom_margin=&#8221;||16px&#8221; icon_font_size=&#8221;25px&#8221; global_colors_info=&#8221;{}&#8221;]<\/p>\n<p>Sporz\u0105dzanie i legalizacja ksi\u0105g rachunkowych i rozlicze\u0144 rocznych.<\/p>\n<p>[\/et_pb_blurb][et_pb_blurb use_icon=&#8221;on&#8221; font_icon=&#8221;&#x5a;||divi||400&#8243; icon_placement=&#8221;left&#8221; image_icon_width=&#8221;25px&#8221; _builder_version=&#8221;4.23.1&#8243; custom_margin=&#8221;||16px&#8221; icon_font_size=&#8221;25px&#8221; global_colors_info=&#8221;{}&#8221;]<\/p>\n<p>Doradztwo i pomoc w kontaktach z podmiotami finansowymi, notariuszami, rejestrem nieruchomo\u015bci i grunt\u00f3w, rejestrem handlowym i innymi podmiotami publicznymi.<\/p>\n<p>[\/et_pb_blurb][\/et_pb_column][\/et_pb_row][\/et_pb_section][et_pb_section fb_built=&#8221;1&#8243; _builder_version=&#8221;4.23.1&#8243; background_image=&#8221;https:\/\/www.albirabogados.com\/wp-content\/uploads\/2025\/03\/Oficina-2.jpg&#8221; custom_padding=&#8221;130px|0px|130px|0px|true|false&#8221; saved_tabs=&#8221;all&#8221; locked=&#8221;off&#8221; global_colors_info=&#8221;{}&#8221;][et_pb_row _builder_version=&#8221;4.16&#8243; global_colors_info=&#8221;{}&#8221;][et_pb_column type=&#8221;4_4&#8243; _builder_version=&#8221;4.16&#8243; custom_padding=&#8221;|||&#8221; global_colors_info=&#8221;{}&#8221; custom_padding__hover=&#8221;|||&#8221;][et_pb_text _builder_version=&#8221;4.23.1&#8243; text_font=&#8221;||||||||&#8221; text_font_size=&#8221;20px&#8221; header_font=&#8221;||||||||&#8221; header_2_font=&#8221;||||||||&#8221; header_2_font_size=&#8221;46px&#8221; text_orientation=&#8221;center&#8221; background_layout=&#8221;dark&#8221; text_text_shadow_style=&#8221;preset3&#8243; global_colors_info=&#8221;{}&#8221;]<\/p>\n<h2>Jeste\u015bmy lud\u017ami, kt\u00f3rzy pracuj\u0105 dla ludzi<\/h2>\n<p>\u015awiadczymy pe\u0142en zakres us\u0142ug, kt\u00f3rym mo\u017cesz zaufa\u0107.<\/p>\n<p>[\/et_pb_text][et_pb_button button_url=&#8221;\/contact\/&#8221; button_text=&#8221;skontaktuj si\u0119 z nami&#8221; button_alignment=&#8221;center&#8221; _builder_version=&#8221;4.23.1&#8243; background_layout=&#8221;dark&#8221; global_colors_info=&#8221;{}&#8221;][\/et_pb_button][\/et_pb_column][\/et_pb_row][\/et_pb_section]<\/p>\n","protected":false},"excerpt":{"rendered":"<p>Doradztwo podatkowe W Albir Abogados oferujemy wyspecjalizowane us\u0142ugi, takie jak doradztwo podatkoweW Albir Abogados jeste\u015bmy liderem w zakresie mi\u0119dzynarodowych us\u0142ug prawnych od 1999 roku, obs\u0142uguj\u0105c Altea, Alicante z niezr\u00f3wnan\u0105 wiedz\u0105 specjalistyczn\u0105. Nasza kancelaria jest znana ze swojej specjalizacji w prawie nieruchomo\u015bci, prawie spadkowym, doradztwie podatkowym, sporach s\u0105dowych i prawie podatkowym. Nasz zesp\u00f3\u0142 do\u015bwiadczonych prawnik\u00f3w jest [&hellip;]<\/p>\n","protected":false},"author":4,"featured_media":0,"parent":0,"menu_order":0,"comment_status":"closed","ping_status":"closed","template":"","meta":{"_et_pb_use_builder":"on","_et_pb_old_content":"<!-- wp:divi\/placeholder \/-->","_et_gb_content_width":"","footnotes":""},"class_list":["post-2050","page","type-page","status-publish","hentry"],"yoast_head":"<!-- This site is optimized with the Yoast SEO plugin v27.4 - https:\/\/yoast.com\/product\/yoast-seo-wordpress\/ -->\n<title>Doradztwo podatkowe - Albir Abogados \u00b7 International Law Firm since 1999<\/title>\n<meta name=\"description\" content=\"Our team of English-speaking commercial law experts in Spain specializes in providing comprehensive fiscal &amp; tributary advice.\" \/>\n<meta name=\"robots\" content=\"index, follow, max-snippet:-1, max-image-preview:large, max-video-preview:-1\" \/>\n<link rel=\"canonical\" href=\"https:\/\/albirabogados.com\/pl\/fiscal-tributary-advice\/\" \/>\n<meta property=\"og:locale\" content=\"pl_PL\" \/>\n<meta property=\"og:type\" content=\"article\" \/>\n<meta property=\"og:title\" content=\"Doradztwo podatkowe - Albir Abogados \u00b7 International Law Firm since 1999\" \/>\n<meta property=\"og:description\" content=\"Our team of English-speaking commercial law experts in Spain specializes in providing comprehensive fiscal &amp; tributary advice.\" \/>\n<meta property=\"og:url\" content=\"https:\/\/albirabogados.com\/pl\/fiscal-tributary-advice\/\" \/>\n<meta property=\"og:site_name\" content=\"Albir Abogados \u00b7 International Law Firm since 1999\" \/>\n<meta property=\"article:publisher\" content=\"https:\/\/www.facebook.com\/albirabogados\" \/>\n<meta property=\"article:modified_time\" content=\"2025-03-21T19:12:31+00:00\" \/>\n<meta name=\"twitter:card\" content=\"summary_large_image\" \/>\n<meta name=\"twitter:label1\" content=\"Szacowany czas czytania\" \/>\n\t<meta name=\"twitter:data1\" content=\"2 minuty\" \/>\n<script type=\"application\/ld+json\" class=\"yoast-schema-graph\">{\"@context\":\"https:\\\/\\\/schema.org\",\"@graph\":[{\"@type\":\"WebPage\",\"@id\":\"https:\\\/\\\/albirabogados.com\\\/pl\\\/fiscal-tributary-advice\\\/\",\"url\":\"https:\\\/\\\/albirabogados.com\\\/pl\\\/fiscal-tributary-advice\\\/\",\"name\":\"Doradztwo podatkowe - Albir Abogados \u00b7 International Law Firm since 1999\",\"isPartOf\":{\"@id\":\"https:\\\/\\\/albirabogados.com\\\/#website\"},\"datePublished\":\"2025-03-21T17:30:17+00:00\",\"dateModified\":\"2025-03-21T19:12:31+00:00\",\"description\":\"Our team of English-speaking commercial law experts in Spain specializes in providing comprehensive fiscal & tributary advice.\",\"breadcrumb\":{\"@id\":\"https:\\\/\\\/albirabogados.com\\\/pl\\\/fiscal-tributary-advice\\\/#breadcrumb\"},\"inLanguage\":\"pl-PL\",\"potentialAction\":[{\"@type\":\"ReadAction\",\"target\":[\"https:\\\/\\\/albirabogados.com\\\/pl\\\/fiscal-tributary-advice\\\/\"]}]},{\"@type\":\"BreadcrumbList\",\"@id\":\"https:\\\/\\\/albirabogados.com\\\/pl\\\/fiscal-tributary-advice\\\/#breadcrumb\",\"itemListElement\":[{\"@type\":\"ListItem\",\"position\":1,\"name\":\"Home\",\"item\":\"https:\\\/\\\/albirabogados.com\\\/pl\\\/\"},{\"@type\":\"ListItem\",\"position\":2,\"name\":\"Doradztwo podatkowe\"}]},{\"@type\":\"WebSite\",\"@id\":\"https:\\\/\\\/albirabogados.com\\\/#website\",\"url\":\"https:\\\/\\\/albirabogados.com\\\/\",\"name\":\"Albir Abogados \u00b7 International Law Firm since 1999\",\"description\":\"International Law Firm since 1999\",\"publisher\":{\"@id\":\"https:\\\/\\\/albirabogados.com\\\/#organization\"},\"potentialAction\":[{\"@type\":\"SearchAction\",\"target\":{\"@type\":\"EntryPoint\",\"urlTemplate\":\"https:\\\/\\\/albirabogados.com\\\/?s={search_term_string}\"},\"query-input\":{\"@type\":\"PropertyValueSpecification\",\"valueRequired\":true,\"valueName\":\"search_term_string\"}}],\"inLanguage\":\"pl-PL\"},{\"@type\":\"Organization\",\"@id\":\"https:\\\/\\\/albirabogados.com\\\/#organization\",\"name\":\"Albir Abogados\",\"url\":\"https:\\\/\\\/albirabogados.com\\\/\",\"logo\":{\"@type\":\"ImageObject\",\"inLanguage\":\"pl-PL\",\"@id\":\"https:\\\/\\\/albirabogados.com\\\/#\\\/schema\\\/logo\\\/image\\\/\",\"url\":\"https:\\\/\\\/www.albirabogados.com\\\/wp-content\\\/uploads\\\/2020\\\/01\\\/albirabogados-logo-5.png\",\"contentUrl\":\"https:\\\/\\\/www.albirabogados.com\\\/wp-content\\\/uploads\\\/2020\\\/01\\\/albirabogados-logo-5.png\",\"width\":800,\"height\":269,\"caption\":\"Albir Abogados\"},\"image\":{\"@id\":\"https:\\\/\\\/albirabogados.com\\\/#\\\/schema\\\/logo\\\/image\\\/\"},\"sameAs\":[\"https:\\\/\\\/www.facebook.com\\\/albirabogados\"]}]}<\/script>\n<!-- \/ Yoast SEO plugin. -->","yoast_head_json":{"title":"Doradztwo podatkowe - Albir Abogados \u00b7 International Law Firm since 1999","description":"Our team of English-speaking commercial law experts in Spain specializes in providing comprehensive fiscal & tributary advice.","robots":{"index":"index","follow":"follow","max-snippet":"max-snippet:-1","max-image-preview":"max-image-preview:large","max-video-preview":"max-video-preview:-1"},"canonical":"https:\/\/albirabogados.com\/pl\/fiscal-tributary-advice\/","og_locale":"pl_PL","og_type":"article","og_title":"Doradztwo podatkowe - Albir Abogados \u00b7 International Law Firm since 1999","og_description":"Our team of English-speaking commercial law experts in Spain specializes in providing comprehensive fiscal & tributary advice.","og_url":"https:\/\/albirabogados.com\/pl\/fiscal-tributary-advice\/","og_site_name":"Albir Abogados \u00b7 International Law Firm since 1999","article_publisher":"https:\/\/www.facebook.com\/albirabogados","article_modified_time":"2025-03-21T19:12:31+00:00","twitter_card":"summary_large_image","twitter_misc":{"Szacowany czas czytania":"2 minuty"},"schema":{"@context":"https:\/\/schema.org","@graph":[{"@type":"WebPage","@id":"https:\/\/albirabogados.com\/pl\/fiscal-tributary-advice\/","url":"https:\/\/albirabogados.com\/pl\/fiscal-tributary-advice\/","name":"Doradztwo podatkowe - Albir Abogados \u00b7 International Law Firm since 1999","isPartOf":{"@id":"https:\/\/albirabogados.com\/#website"},"datePublished":"2025-03-21T17:30:17+00:00","dateModified":"2025-03-21T19:12:31+00:00","description":"Our team of English-speaking commercial law experts in Spain specializes in providing comprehensive fiscal & tributary advice.","breadcrumb":{"@id":"https:\/\/albirabogados.com\/pl\/fiscal-tributary-advice\/#breadcrumb"},"inLanguage":"pl-PL","potentialAction":[{"@type":"ReadAction","target":["https:\/\/albirabogados.com\/pl\/fiscal-tributary-advice\/"]}]},{"@type":"BreadcrumbList","@id":"https:\/\/albirabogados.com\/pl\/fiscal-tributary-advice\/#breadcrumb","itemListElement":[{"@type":"ListItem","position":1,"name":"Home","item":"https:\/\/albirabogados.com\/pl\/"},{"@type":"ListItem","position":2,"name":"Doradztwo podatkowe"}]},{"@type":"WebSite","@id":"https:\/\/albirabogados.com\/#website","url":"https:\/\/albirabogados.com\/","name":"Albir Abogados \u00b7 International Law Firm since 1999","description":"International Law Firm since 1999","publisher":{"@id":"https:\/\/albirabogados.com\/#organization"},"potentialAction":[{"@type":"SearchAction","target":{"@type":"EntryPoint","urlTemplate":"https:\/\/albirabogados.com\/?s={search_term_string}"},"query-input":{"@type":"PropertyValueSpecification","valueRequired":true,"valueName":"search_term_string"}}],"inLanguage":"pl-PL"},{"@type":"Organization","@id":"https:\/\/albirabogados.com\/#organization","name":"Albir Abogados","url":"https:\/\/albirabogados.com\/","logo":{"@type":"ImageObject","inLanguage":"pl-PL","@id":"https:\/\/albirabogados.com\/#\/schema\/logo\/image\/","url":"https:\/\/www.albirabogados.com\/wp-content\/uploads\/2020\/01\/albirabogados-logo-5.png","contentUrl":"https:\/\/www.albirabogados.com\/wp-content\/uploads\/2020\/01\/albirabogados-logo-5.png","width":800,"height":269,"caption":"Albir Abogados"},"image":{"@id":"https:\/\/albirabogados.com\/#\/schema\/logo\/image\/"},"sameAs":["https:\/\/www.facebook.com\/albirabogados"]}]}},"_links":{"self":[{"href":"https:\/\/albirabogados.com\/pl\/wp-json\/wp\/v2\/pages\/2050","targetHints":{"allow":["GET"]}}],"collection":[{"href":"https:\/\/albirabogados.com\/pl\/wp-json\/wp\/v2\/pages"}],"about":[{"href":"https:\/\/albirabogados.com\/pl\/wp-json\/wp\/v2\/types\/page"}],"author":[{"embeddable":true,"href":"https:\/\/albirabogados.com\/pl\/wp-json\/wp\/v2\/users\/4"}],"replies":[{"embeddable":true,"href":"https:\/\/albirabogados.com\/pl\/wp-json\/wp\/v2\/comments?post=2050"}],"version-history":[{"count":4,"href":"https:\/\/albirabogados.com\/pl\/wp-json\/wp\/v2\/pages\/2050\/revisions"}],"predecessor-version":[{"id":2104,"href":"https:\/\/albirabogados.com\/pl\/wp-json\/wp\/v2\/pages\/2050\/revisions\/2104"}],"wp:attachment":[{"href":"https:\/\/albirabogados.com\/pl\/wp-json\/wp\/v2\/media?parent=2050"}],"curies":[{"name":"wp","href":"https:\/\/api.w.org\/{rel}","templated":true}]}}