{"id":2041,"date":"2025-03-21T17:17:47","date_gmt":"2025-03-21T17:17:47","guid":{"rendered":"https:\/\/www.albirabogados.com\/?page_id=2041"},"modified":"2025-03-21T19:13:23","modified_gmt":"2025-03-21T19:13:23","slug":"urbanism","status":"publish","type":"page","link":"https:\/\/albirabogados.com\/pl\/urbanism\/","title":{"rendered":"Urbanistyka"},"content":{"rendered":"<p>[et_pb_section fb_built=&#8221;1&#8243; _builder_version=&#8221;4.16&#8243; background_color=&#8221;rgba(3,19,43,0.86)&#8221; background_image=&#8221;https:\/\/www.albirabogados.com\/wp-content\/uploads\/2020\/02\/albirabogados-urbanism.jpg&#8221; background_blend=&#8221;multiply&#8221; custom_padding=&#8221;100px|0px|100px|0px|true|false&#8221; global_colors_info=&#8221;{}&#8221;][et_pb_row _builder_version=&#8221;4.16&#8243; global_colors_info=&#8221;{}&#8221;][et_pb_column type=&#8221;4_4&#8243; _builder_version=&#8221;4.16&#8243; custom_padding=&#8221;|||&#8221; global_colors_info=&#8221;{}&#8221; custom_padding__hover=&#8221;|||&#8221;][et_pb_text _builder_version=&#8221;4.23.1&#8243; text_font=&#8221;||||||||&#8221; header_font=&#8221;||||||||&#8221; header_2_font=&#8221;||||||||&#8221; header_2_font_size=&#8221;46px&#8221; text_orientation=&#8221;center&#8221; background_layout=&#8221;dark&#8221; global_colors_info=&#8221;{}&#8221;]<\/p>\n<h1 style=\"font-size: 46px;\">Urbanistyka<\/h1>\n<p>[\/et_pb_text][\/et_pb_column][\/et_pb_row][\/et_pb_section][et_pb_section fb_built=&#8221;1&#8243; _builder_version=&#8221;4.16&#8243; custom_padding=&#8221;54px|0px|54px|0px|true|false&#8221; global_colors_info=&#8221;{}&#8221;][et_pb_row _builder_version=&#8221;4.16&#8243; custom_padding=&#8221;12px|0px|0|0px|false|false&#8221; global_colors_info=&#8221;{}&#8221;][et_pb_column type=&#8221;4_4&#8243; _builder_version=&#8221;4.16&#8243; custom_padding=&#8221;|||&#8221; global_colors_info=&#8221;{}&#8221; custom_padding__hover=&#8221;|||&#8221;][et_pb_text _builder_version=&#8221;4.23.1&#8243; global_colors_info=&#8221;{}&#8221;]<\/p>\n<p>W Albir Abogados mamy zesp\u00f3\u0142 do\u015bwiadczonych prawnik\u00f3w specjalizuj\u0105cych si\u0119 w prawie administracyjnym i budowlanym, a niekt\u00f3rzy z naszych prawnik\u00f3w s\u0105 do\u015bwiadczonymi cz\u0142onkami Rady Mieszkalnictwa i Gospodarki Gruntami.<\/p>\n<p>Oferujemy spersonalizowane porady prawne, zar\u00f3wno na etapie administracyjnym (wst\u0119pnym), jak i s\u0105dowo-administracyjnym, a tak\u017ce specjalizujemy si\u0119 w narz\u0119dziach planowania urbanistycznego<\/p>\n<p>[\/et_pb_text][\/et_pb_column][\/et_pb_row][\/et_pb_section][et_pb_section fb_built=&#8221;1&#8243; _builder_version=&#8221;4.16&#8243; background_color=&#8221;#f5f5f5&#8243; background_image=&#8221;https:\/\/www.albirabogados.com\/wp-content\/uploads\/2019\/05\/albirabogados-cabecera-about-us.jpg&#8221; parallax=&#8221;on&#8221; global_colors_info=&#8221;{}&#8221;][et_pb_row _builder_version=&#8221;4.16&#8243; custom_padding=&#8221;||8px|||&#8221; global_colors_info=&#8221;{}&#8221;][et_pb_column type=&#8221;4_4&#8243; _builder_version=&#8221;4.16&#8243; global_colors_info=&#8221;{}&#8221;][et_pb_text _builder_version=&#8221;4.23.1&#8243; text_font=&#8221;||||||||&#8221; background_layout=&#8221;dark&#8221; custom_margin=&#8221;||8px|||&#8221; global_colors_info=&#8221;{}&#8221;]<\/p>\n<h3>W Albir Abogados zajmujemy si\u0119 mi\u0119dzy innymi doradztwem, zarz\u0105dzaniem i\/lub sporz\u0105dzaniem projekt\u00f3w:<\/h3>\n<p>[\/et_pb_text][\/et_pb_column][\/et_pb_row][et_pb_row column_structure=&#8221;1_2,1_2&#8243; _builder_version=&#8221;4.16&#8243; custom_padding=&#8221;14px||17px|||&#8221; global_colors_info=&#8221;{}&#8221;][et_pb_column type=&#8221;1_2&#8243; _builder_version=&#8221;4.16&#8243; custom_padding=&#8221;|||&#8221; global_colors_info=&#8221;{}&#8221; custom_padding__hover=&#8221;|||&#8221;][et_pb_blurb use_icon=&#8221;on&#8221; font_icon=&#8221;&#xe0ef;||divi||400&#8243; icon_color=&#8221;#ffffff&#8221; icon_placement=&#8221;left&#8221; image_icon_width=&#8221;25px&#8221; _builder_version=&#8221;4.23.1&#8243; background_layout=&#8221;dark&#8221; custom_margin=&#8221;||16px&#8221; icon_font_size=&#8221;25px&#8221; global_colors_info=&#8221;{}&#8221;]<\/p>\n<p><span>Raporty.<\/span><\/p>\n<p>[\/et_pb_blurb][et_pb_blurb use_icon=&#8221;on&#8221; font_icon=&#8221;&#xe0ef;||divi||400&#8243; icon_color=&#8221;#ffffff&#8221; icon_placement=&#8221;left&#8221; image_icon_width=&#8221;25px&#8221; _builder_version=&#8221;4.23.1&#8243; background_layout=&#8221;dark&#8221; custom_margin=&#8221;||16px&#8221; icon_font_size=&#8221;25px&#8221; global_colors_info=&#8221;{}&#8221;]<\/p>\n<p>Planowanie miejskie, programowanie i zarz\u0105dzanie.<\/p>\n<p>[\/et_pb_blurb][et_pb_blurb use_icon=&#8221;on&#8221; font_icon=&#8221;&#xe0ef;||divi||400&#8243; icon_color=&#8221;#ffffff&#8221; icon_placement=&#8221;left&#8221; image_icon_width=&#8221;25px&#8221; _builder_version=&#8221;4.23.1&#8243; background_layout=&#8221;dark&#8221; custom_margin=&#8221;||16px&#8221; icon_font_size=&#8221;25px&#8221; global_colors_info=&#8221;{}&#8221;]<\/p>\n<p>Procesy wyw\u0142aszczeniowe.<\/p>\n<p>[\/et_pb_blurb][et_pb_blurb use_icon=&#8221;on&#8221; font_icon=&#8221;&#xe0ef;||divi||400&#8243; icon_color=&#8221;#ffffff&#8221; icon_placement=&#8221;left&#8221; image_icon_width=&#8221;25px&#8221; _builder_version=&#8221;4.23.1&#8243; background_layout=&#8221;dark&#8221; custom_margin=&#8221;||16px&#8221; icon_font_size=&#8221;25px&#8221; global_colors_info=&#8221;{}&#8221;]<\/p>\n<p>Pomoc prawna i doradztwo zwi\u0105zane z zam\u00f3wieniami publicznymi.<\/p>\n<p>[\/et_pb_blurb][et_pb_blurb use_icon=&#8221;on&#8221; font_icon=&#8221;&#xe0ef;||divi||400&#8243; icon_color=&#8221;#ffffff&#8221; icon_placement=&#8221;left&#8221; image_icon_width=&#8221;25px&#8221; _builder_version=&#8221;4.23.1&#8243; background_layout=&#8221;dark&#8221; custom_margin=&#8221;||16px&#8221; icon_font_size=&#8221;25px&#8221; global_colors_info=&#8221;{}&#8221;]<\/p>\n<p>Rozstrzyganie odwo\u0142a\u0144 od um\u00f3w mi\u0119dzy pa\u0144stwami\/regionami autonomicznymi.<\/p>\n<p>[\/et_pb_blurb][\/et_pb_column][et_pb_column type=&#8221;1_2&#8243; _builder_version=&#8221;4.16&#8243; custom_padding=&#8221;|||&#8221; global_colors_info=&#8221;{}&#8221; custom_padding__hover=&#8221;|||&#8221;][et_pb_blurb use_icon=&#8221;on&#8221; font_icon=&#8221;&#xe0ef;||divi||400&#8243; icon_color=&#8221;#ffffff&#8221; icon_placement=&#8221;left&#8221; image_icon_width=&#8221;25px&#8221; _builder_version=&#8221;4.23.1&#8243; background_layout=&#8221;dark&#8221; custom_margin=&#8221;||16px&#8221; icon_font_size=&#8221;25px&#8221; global_colors_info=&#8221;{}&#8221;]<\/p>\n<p>Orzeczenia prawne.<\/p>\n<p>[\/et_pb_blurb][et_pb_blurb use_icon=&#8221;on&#8221; font_icon=&#8221;&#xe0ef;||divi||400&#8243; icon_color=&#8221;#ffffff&#8221; icon_placement=&#8221;left&#8221; image_icon_width=&#8221;25px&#8221; _builder_version=&#8221;4.23.1&#8243; background_layout=&#8221;dark&#8221; custom_margin=&#8221;||16px&#8221; icon_font_size=&#8221;25px&#8221; global_colors_info=&#8221;{}&#8221;]<\/p>\n<p><strong>Odwo\u0142ania<\/strong>. Wnosimy skarg\u0119 przeciwko powiadomieniom dotycz\u0105cym planowania\/rozwoju obszar\u00f3w miejskich.<\/p>\n<p>[\/et_pb_blurb][et_pb_blurb use_icon=&#8221;on&#8221; font_icon=&#8221;&#xe0ef;||divi||400&#8243; icon_color=&#8221;#ffffff&#8221; icon_placement=&#8221;left&#8221; image_icon_width=&#8221;25px&#8221; _builder_version=&#8221;4.23.1&#8243; background_layout=&#8221;dark&#8221; custom_margin=&#8221;||16px&#8221; icon_font_size=&#8221;25px&#8221; global_colors_info=&#8221;{}&#8221;]<\/p>\n<p>Dokumenty urbanistyczne, plany i programy.<\/p>\n<p>[\/et_pb_blurb][\/et_pb_column][\/et_pb_row][et_pb_row _builder_version=&#8221;4.16&#8243; custom_padding=&#8221;17px|||||&#8221; global_colors_info=&#8221;{}&#8221;][et_pb_column type=&#8221;4_4&#8243; _builder_version=&#8221;4.16&#8243; global_colors_info=&#8221;{}&#8221;][et_pb_text _builder_version=&#8221;4.23.1&#8243; text_font=&#8221;||||||||&#8221; background_layout=&#8221;dark&#8221; custom_margin=&#8221;-1px|||||&#8221; global_colors_info=&#8221;{}&#8221;]<\/p>\n<p>Bro\u0144 swoich praw przed administracj\u0105 publiczn\u0105. Zaufaj naszemu zespo\u0142owi w Albir Abogados i pozw\u00f3l nam Ci pom\u00f3c.<\/p>\n<p>[\/et_pb_text][\/et_pb_column][\/et_pb_row][\/et_pb_section][et_pb_section fb_built=&#8221;1&#8243; _builder_version=&#8221;4.23.1&#8243; background_image=&#8221;https:\/\/www.albirabogados.com\/wp-content\/uploads\/2025\/03\/Oficina-2.jpg&#8221; custom_padding=&#8221;130px|0px|130px|0px|true|false&#8221; saved_tabs=&#8221;all&#8221; locked=&#8221;off&#8221; global_colors_info=&#8221;{}&#8221;][et_pb_row _builder_version=&#8221;4.16&#8243; global_colors_info=&#8221;{}&#8221;][et_pb_column type=&#8221;4_4&#8243; _builder_version=&#8221;4.16&#8243; custom_padding=&#8221;|||&#8221; global_colors_info=&#8221;{}&#8221; custom_padding__hover=&#8221;|||&#8221;][et_pb_text _builder_version=&#8221;4.23.1&#8243; text_font=&#8221;||||||||&#8221; text_font_size=&#8221;20px&#8221; header_font=&#8221;||||||||&#8221; header_2_font=&#8221;||||||||&#8221; header_2_font_size=&#8221;46px&#8221; text_orientation=&#8221;center&#8221; background_layout=&#8221;dark&#8221; text_text_shadow_style=&#8221;preset3&#8243; global_colors_info=&#8221;{}&#8221;]<\/p>\n<h2>Jeste\u015bmy lud\u017ami, kt\u00f3rzy pracuj\u0105 dla ludzi<\/h2>\n<p>\u015awiadczymy pe\u0142en zakres us\u0142ug, kt\u00f3rym mo\u017cesz zaufa\u0107.<\/p>\n<p>[\/et_pb_text][et_pb_button button_url=&#8221;\/contact\/&#8221; button_text=&#8221;skontaktuj si\u0119 z nami&#8221; button_alignment=&#8221;center&#8221; _builder_version=&#8221;4.23.1&#8243; background_layout=&#8221;dark&#8221; global_colors_info=&#8221;{}&#8221;][\/et_pb_button][\/et_pb_column][\/et_pb_row][\/et_pb_section]<\/p>\n","protected":false},"excerpt":{"rendered":"<p>UrbanistykaW Albir Abogados mamy zesp\u00f3\u0142 do\u015bwiadczonych prawnik\u00f3w specjalizuj\u0105cych si\u0119 w prawie administracyjnym i budowlanym, a niekt\u00f3rzy z naszych prawnik\u00f3w s\u0105 do\u015bwiadczonymi cz\u0142onkami Rady Mieszkalnictwa i Gospodarki Gruntami. Oferujemy spersonalizowane porady prawne, zar\u00f3wno na etapie administracyjnym (wst\u0119pnym), jak i s\u0105dowo-administracyjnym, a tak\u017ce specjalizujemy si\u0119 w narz\u0119dziach planowania urbanistycznegoW Albir Abogados zajmujemy si\u0119 mi\u0119dzy innymi doradztwem, zarz\u0105dzaniem [&hellip;]<\/p>\n","protected":false},"author":4,"featured_media":0,"parent":0,"menu_order":0,"comment_status":"closed","ping_status":"closed","template":"","meta":{"_et_pb_use_builder":"on","_et_pb_old_content":"<!-- wp:divi\/placeholder \/-->","_et_gb_content_width":"","footnotes":""},"class_list":["post-2041","page","type-page","status-publish","hentry"],"yoast_head":"<!-- This site is optimized with the Yoast SEO plugin v27.4 - https:\/\/yoast.com\/product\/yoast-seo-wordpress\/ -->\n<title>Urbanistyka - Albir Abogados \u00b7 International Law Firm since 1999<\/title>\n<meta name=\"description\" content=\"Urbanistyka. Firm of Spanish and independent Lawyers and advisers specialized in property law, inheritance law, litigation and tax law.\" \/>\n<meta name=\"robots\" content=\"index, follow, max-snippet:-1, max-image-preview:large, max-video-preview:-1\" \/>\n<link rel=\"canonical\" href=\"https:\/\/albirabogados.com\/pl\/urbanism\/\" \/>\n<meta property=\"og:locale\" content=\"pl_PL\" \/>\n<meta property=\"og:type\" content=\"article\" \/>\n<meta property=\"og:title\" content=\"Urbanistyka - Albir Abogados \u00b7 International Law Firm since 1999\" \/>\n<meta property=\"og:description\" content=\"Urbanistyka. Firm of Spanish and independent Lawyers and advisers specialized in property law, inheritance law, litigation and tax law.\" \/>\n<meta property=\"og:url\" content=\"https:\/\/albirabogados.com\/pl\/urbanism\/\" \/>\n<meta property=\"og:site_name\" content=\"Albir Abogados \u00b7 International Law Firm since 1999\" \/>\n<meta property=\"article:publisher\" content=\"https:\/\/www.facebook.com\/albirabogados\" \/>\n<meta property=\"article:modified_time\" content=\"2025-03-21T19:13:23+00:00\" \/>\n<meta name=\"twitter:card\" content=\"summary_large_image\" \/>\n<meta name=\"twitter:label1\" content=\"Szacowany czas czytania\" \/>\n\t<meta name=\"twitter:data1\" content=\"1 minuta\" \/>\n<script type=\"application\/ld+json\" class=\"yoast-schema-graph\">{\"@context\":\"https:\\\/\\\/schema.org\",\"@graph\":[{\"@type\":\"WebPage\",\"@id\":\"https:\\\/\\\/albirabogados.com\\\/pl\\\/urbanism\\\/\",\"url\":\"https:\\\/\\\/albirabogados.com\\\/pl\\\/urbanism\\\/\",\"name\":\"Urbanistyka - Albir Abogados \u00b7 International Law Firm since 1999\",\"isPartOf\":{\"@id\":\"https:\\\/\\\/albirabogados.com\\\/#website\"},\"datePublished\":\"2025-03-21T17:17:47+00:00\",\"dateModified\":\"2025-03-21T19:13:23+00:00\",\"description\":\"Urbanistyka. Firm of Spanish and independent Lawyers and advisers specialized in property law, inheritance law, litigation and tax law.\",\"breadcrumb\":{\"@id\":\"https:\\\/\\\/albirabogados.com\\\/pl\\\/urbanism\\\/#breadcrumb\"},\"inLanguage\":\"pl-PL\",\"potentialAction\":[{\"@type\":\"ReadAction\",\"target\":[\"https:\\\/\\\/albirabogados.com\\\/pl\\\/urbanism\\\/\"]}]},{\"@type\":\"BreadcrumbList\",\"@id\":\"https:\\\/\\\/albirabogados.com\\\/pl\\\/urbanism\\\/#breadcrumb\",\"itemListElement\":[{\"@type\":\"ListItem\",\"position\":1,\"name\":\"Home\",\"item\":\"https:\\\/\\\/albirabogados.com\\\/pl\\\/\"},{\"@type\":\"ListItem\",\"position\":2,\"name\":\"Urbanistyka\"}]},{\"@type\":\"WebSite\",\"@id\":\"https:\\\/\\\/albirabogados.com\\\/#website\",\"url\":\"https:\\\/\\\/albirabogados.com\\\/\",\"name\":\"Albir Abogados \u00b7 International Law Firm since 1999\",\"description\":\"International Law Firm since 1999\",\"publisher\":{\"@id\":\"https:\\\/\\\/albirabogados.com\\\/#organization\"},\"potentialAction\":[{\"@type\":\"SearchAction\",\"target\":{\"@type\":\"EntryPoint\",\"urlTemplate\":\"https:\\\/\\\/albirabogados.com\\\/?s={search_term_string}\"},\"query-input\":{\"@type\":\"PropertyValueSpecification\",\"valueRequired\":true,\"valueName\":\"search_term_string\"}}],\"inLanguage\":\"pl-PL\"},{\"@type\":\"Organization\",\"@id\":\"https:\\\/\\\/albirabogados.com\\\/#organization\",\"name\":\"Albir Abogados\",\"url\":\"https:\\\/\\\/albirabogados.com\\\/\",\"logo\":{\"@type\":\"ImageObject\",\"inLanguage\":\"pl-PL\",\"@id\":\"https:\\\/\\\/albirabogados.com\\\/#\\\/schema\\\/logo\\\/image\\\/\",\"url\":\"https:\\\/\\\/www.albirabogados.com\\\/wp-content\\\/uploads\\\/2020\\\/01\\\/albirabogados-logo-5.png\",\"contentUrl\":\"https:\\\/\\\/www.albirabogados.com\\\/wp-content\\\/uploads\\\/2020\\\/01\\\/albirabogados-logo-5.png\",\"width\":800,\"height\":269,\"caption\":\"Albir Abogados\"},\"image\":{\"@id\":\"https:\\\/\\\/albirabogados.com\\\/#\\\/schema\\\/logo\\\/image\\\/\"},\"sameAs\":[\"https:\\\/\\\/www.facebook.com\\\/albirabogados\"]}]}<\/script>\n<!-- \/ Yoast SEO plugin. -->","yoast_head_json":{"title":"Urbanistyka - Albir Abogados \u00b7 International Law Firm since 1999","description":"Urbanistyka. Firm of Spanish and independent Lawyers and advisers specialized in property law, inheritance law, litigation and tax law.","robots":{"index":"index","follow":"follow","max-snippet":"max-snippet:-1","max-image-preview":"max-image-preview:large","max-video-preview":"max-video-preview:-1"},"canonical":"https:\/\/albirabogados.com\/pl\/urbanism\/","og_locale":"pl_PL","og_type":"article","og_title":"Urbanistyka - Albir Abogados \u00b7 International Law Firm since 1999","og_description":"Urbanistyka. Firm of Spanish and independent Lawyers and advisers specialized in property law, inheritance law, litigation and tax law.","og_url":"https:\/\/albirabogados.com\/pl\/urbanism\/","og_site_name":"Albir Abogados \u00b7 International Law Firm since 1999","article_publisher":"https:\/\/www.facebook.com\/albirabogados","article_modified_time":"2025-03-21T19:13:23+00:00","twitter_card":"summary_large_image","twitter_misc":{"Szacowany czas czytania":"1 minuta"},"schema":{"@context":"https:\/\/schema.org","@graph":[{"@type":"WebPage","@id":"https:\/\/albirabogados.com\/pl\/urbanism\/","url":"https:\/\/albirabogados.com\/pl\/urbanism\/","name":"Urbanistyka - Albir Abogados \u00b7 International Law Firm since 1999","isPartOf":{"@id":"https:\/\/albirabogados.com\/#website"},"datePublished":"2025-03-21T17:17:47+00:00","dateModified":"2025-03-21T19:13:23+00:00","description":"Urbanistyka. Firm of Spanish and independent Lawyers and advisers specialized in property law, inheritance law, litigation and tax law.","breadcrumb":{"@id":"https:\/\/albirabogados.com\/pl\/urbanism\/#breadcrumb"},"inLanguage":"pl-PL","potentialAction":[{"@type":"ReadAction","target":["https:\/\/albirabogados.com\/pl\/urbanism\/"]}]},{"@type":"BreadcrumbList","@id":"https:\/\/albirabogados.com\/pl\/urbanism\/#breadcrumb","itemListElement":[{"@type":"ListItem","position":1,"name":"Home","item":"https:\/\/albirabogados.com\/pl\/"},{"@type":"ListItem","position":2,"name":"Urbanistyka"}]},{"@type":"WebSite","@id":"https:\/\/albirabogados.com\/#website","url":"https:\/\/albirabogados.com\/","name":"Albir Abogados \u00b7 International Law Firm since 1999","description":"International Law Firm since 1999","publisher":{"@id":"https:\/\/albirabogados.com\/#organization"},"potentialAction":[{"@type":"SearchAction","target":{"@type":"EntryPoint","urlTemplate":"https:\/\/albirabogados.com\/?s={search_term_string}"},"query-input":{"@type":"PropertyValueSpecification","valueRequired":true,"valueName":"search_term_string"}}],"inLanguage":"pl-PL"},{"@type":"Organization","@id":"https:\/\/albirabogados.com\/#organization","name":"Albir Abogados","url":"https:\/\/albirabogados.com\/","logo":{"@type":"ImageObject","inLanguage":"pl-PL","@id":"https:\/\/albirabogados.com\/#\/schema\/logo\/image\/","url":"https:\/\/www.albirabogados.com\/wp-content\/uploads\/2020\/01\/albirabogados-logo-5.png","contentUrl":"https:\/\/www.albirabogados.com\/wp-content\/uploads\/2020\/01\/albirabogados-logo-5.png","width":800,"height":269,"caption":"Albir Abogados"},"image":{"@id":"https:\/\/albirabogados.com\/#\/schema\/logo\/image\/"},"sameAs":["https:\/\/www.facebook.com\/albirabogados"]}]}},"_links":{"self":[{"href":"https:\/\/albirabogados.com\/pl\/wp-json\/wp\/v2\/pages\/2041","targetHints":{"allow":["GET"]}}],"collection":[{"href":"https:\/\/albirabogados.com\/pl\/wp-json\/wp\/v2\/pages"}],"about":[{"href":"https:\/\/albirabogados.com\/pl\/wp-json\/wp\/v2\/types\/page"}],"author":[{"embeddable":true,"href":"https:\/\/albirabogados.com\/pl\/wp-json\/wp\/v2\/users\/4"}],"replies":[{"embeddable":true,"href":"https:\/\/albirabogados.com\/pl\/wp-json\/wp\/v2\/comments?post=2041"}],"version-history":[{"count":4,"href":"https:\/\/albirabogados.com\/pl\/wp-json\/wp\/v2\/pages\/2041\/revisions"}],"predecessor-version":[{"id":2108,"href":"https:\/\/albirabogados.com\/pl\/wp-json\/wp\/v2\/pages\/2041\/revisions\/2108"}],"wp:attachment":[{"href":"https:\/\/albirabogados.com\/pl\/wp-json\/wp\/v2\/media?parent=2041"}],"curies":[{"name":"wp","href":"https:\/\/api.w.org\/{rel}","templated":true}]}}