{"id":2037,"date":"2025-03-21T17:12:53","date_gmt":"2025-03-21T17:12:53","guid":{"rendered":"https:\/\/www.albirabogados.com\/?page_id=2037"},"modified":"2025-03-21T19:13:41","modified_gmt":"2025-03-21T19:13:41","slug":"criminal-law-for-business","status":"publish","type":"page","link":"https:\/\/albirabogados.com\/pl\/criminal-law-for-business\/","title":{"rendered":"Prawo karne dla firm"},"content":{"rendered":"<p>[et_pb_section fb_built=&#8221;1&#8243; _builder_version=&#8221;4.16&#8243; background_color=&#8221;rgba(3,19,43,0.73)&#8221; background_image=&#8221;https:\/\/www.albirabogados.com\/wp-content\/uploads\/2020\/02\/albirabogados-criminal.jpg&#8221; background_position=&#8221;top_center&#8221; background_blend=&#8221;multiply&#8221; custom_padding=&#8221;100px|0px|100px|0px|true|false&#8221; global_colors_info=&#8221;{}&#8221;][et_pb_row _builder_version=&#8221;4.16&#8243; global_colors_info=&#8221;{}&#8221;][et_pb_column type=&#8221;4_4&#8243; _builder_version=&#8221;4.16&#8243; custom_padding=&#8221;|||&#8221; global_colors_info=&#8221;{}&#8221; custom_padding__hover=&#8221;|||&#8221;][et_pb_text _builder_version=&#8221;4.23.1&#8243; text_font=&#8221;||||||||&#8221; header_font=&#8221;||||||||&#8221; header_2_font=&#8221;||||||||&#8221; header_2_font_size=&#8221;46px&#8221; text_orientation=&#8221;center&#8221; background_layout=&#8221;dark&#8221; global_colors_info=&#8221;{}&#8221;]<\/p>\n<h1 style=\"font-size: 46px;\">Prawo karne dla firm<\/h1>\n<p>Angloj\u0119zyczni eksperci prawa karnego w Altea, Alicante<\/p>\n<p>&nbsp;<\/p>\n<p>[\/et_pb_text][\/et_pb_column][\/et_pb_row][\/et_pb_section][et_pb_section fb_built=&#8221;1&#8243; _builder_version=&#8221;4.16&#8243; background_enable_color=&#8221;off&#8221; global_colors_info=&#8221;{}&#8221;][et_pb_row column_structure=&#8221;1_2,1_2&#8243; _builder_version=&#8221;4.16&#8243; global_colors_info=&#8221;{}&#8221;][et_pb_column type=&#8221;1_2&#8243; _builder_version=&#8221;4.16&#8243; custom_padding=&#8221;|||&#8221; global_colors_info=&#8221;{}&#8221; custom_padding__hover=&#8221;|||&#8221;][et_pb_blurb title=&#8221;Prawo karne prewencyjne dla przedsi\u0119biorstw&#8221; use_icon=&#8221;on&#8221; font_icon=&#8221;&#x5a;||divi||400&#8243; icon_placement=&#8221;left&#8221; image_icon_width=&#8221;25px&#8221; _builder_version=&#8221;4.23.1&#8243; custom_margin=&#8221;||16px&#8221; icon_font_size=&#8221;25px&#8221; global_colors_info=&#8221;{}&#8221;]<\/p>\n<p><span>W Albir Abogados oferujemy mo\u017cliwo\u015b\u0107 sporz\u0105dzenia i opracowania planu zapobiegania przest\u0119pczo\u015bci oraz wsparcia w zakresie prawa karnego dla Twojej firmy. Jest to wa\u017cny aspekt prawny o ogromnym znaczeniu i transcendencji w zarz\u0105dzaniu przedsi\u0119biorstwem, podobnie jak odpowiedzialno\u015b\u0107 os\u00f3b prawnych za przest\u0119pstwa. Oferujemy r\u00f3wnie\u017c mo\u017cliwo\u015b\u0107 ustanowienia okresowych system\u00f3w kontroli i stworzenia formalnych kana\u0142\u00f3w raportowania (zar\u00f3wno wewn\u0119trznych, jak i zewn\u0119trznych).<\/span><\/p>\n<p>[\/et_pb_blurb][et_pb_blurb title=&#8221;Doradztwo&#8221; use_icon=&#8221;on&#8221; font_icon=&#8221;&#x5a;||divi||400&#8243; icon_placement=&#8221;left&#8221; image_icon_width=&#8221;25px&#8221; _builder_version=&#8221;4.23.1&#8243; custom_margin=&#8221;||16px&#8221; icon_font_size=&#8221;25px&#8221; global_colors_info=&#8221;{}&#8221;]<\/p>\n<p>W Albir Abogados mo\u017cemy zaoferowa\u0107 doradztwo w zakresie prawa karnego. Oferujemy spersonalizowane i dostosowane do Twoich potrzeb porady, a po przeanalizowaniu i przeanalizowaniu konkretnych okoliczno\u015bci przedstawimy Ci nasz\u0105 opini\u0119 eksperta i przedstawimy najlepsze dost\u0119pne opcje dla Twojego zapytania. Oferujemy te us\u0142ugi osobom prywatnym, przedsi\u0119biorstwom i innym firmom prawniczym zlokalizowanym w innych krajach.<\/p>\n<p>[\/et_pb_blurb][et_pb_blurb title=&#8221;Wykroczenie fa\u0142szywego administrowania&#8221; use_icon=&#8221;on&#8221; font_icon=&#8221;&#x5a;||divi||400&#8243; icon_placement=&#8221;left&#8221; image_icon_width=&#8221;25px&#8221; _builder_version=&#8221;4.23.1&#8243; custom_margin=&#8221;||16px&#8221; icon_font_size=&#8221;25px&#8221; global_colors_info=&#8221;{}&#8221;]<\/p>\n<p>Nadu\u017cycie w\u0142adzy przez administratora firmy w celu osi\u0105gni\u0119cia okre\u015blonego celu (zazwyczaj korzy\u015bci osobistej), podwa\u017caj\u0105cego interesy pracownik\u00f3w, partner\u00f3w i firmy.<\/p>\n<p>[\/et_pb_blurb][et_pb_blurb title=&#8221;Defraudacja&#8221; use_icon=&#8221;on&#8221; font_icon=&#8221;&#x5a;||divi||400&#8243; icon_placement=&#8221;left&#8221; image_icon_width=&#8221;25px&#8221; _builder_version=&#8221;4.23.1&#8243; custom_margin=&#8221;||16px&#8221; icon_font_size=&#8221;25px&#8221; global_colors_info=&#8221;{}&#8221;]<\/p>\n<p>Oszust wykorzystuje i czerpie korzy\u015bci z pieni\u0119dzy i\/lub mienia ofiary, kt\u00f3re uzyska\u0142 w nieuczciwy spos\u00f3b.<\/p>\n<p>[\/et_pb_blurb][et_pb_blurb title=&#8221;Oszustwo&#8221; use_icon=&#8221;on&#8221; font_icon=&#8221;&#x5a;||divi||400&#8243; icon_placement=&#8221;left&#8221; image_icon_width=&#8221;25px&#8221; _builder_version=&#8221;4.23.1&#8243; custom_margin=&#8221;||16px&#8221; icon_font_size=&#8221;25px&#8221; global_colors_info=&#8221;{}&#8221;]<\/p>\n<p>Oszustwo polegaj\u0105ce na sprzeniewierzeniu zysk\u00f3w przy u\u017cyciu technik oszustwa w celu wprowadzenia innych w b\u0142\u0105d.<\/p>\n<p>[\/et_pb_blurb][\/et_pb_column][et_pb_column type=&#8221;1_2&#8243; _builder_version=&#8221;4.16&#8243; custom_padding=&#8221;|||&#8221; global_colors_info=&#8221;{}&#8221; custom_padding__hover=&#8221;|||&#8221;][et_pb_blurb title=&#8221;Specjalizacja&#8221; use_icon=&#8221;on&#8221; font_icon=&#8221;&#x5a;||divi||400&#8243; icon_placement=&#8221;left&#8221; image_icon_width=&#8221;25px&#8221; _builder_version=&#8221;4.23.1&#8243; custom_margin=&#8221;||16px&#8221; icon_font_size=&#8221;25px&#8221; global_colors_info=&#8221;{}&#8221;]<\/p>\n<p><span>Albir Abogados jest kancelari\u0105 prawn\u0105 specjalizuj\u0105c\u0105 si\u0119 w prawie karnym maj\u0105cym zastosowanie do dzia\u0142alno\u015bci gospodarczej.<\/span><\/p>\n<p>[\/et_pb_blurb][et_pb_blurb title=&#8221;Przest\u0119pczo\u015b\u0107 korporacyjna&#8221; use_icon=&#8221;on&#8221; font_icon=&#8221;&#x5a;||divi||400&#8243; icon_placement=&#8221;left&#8221; image_icon_width=&#8221;25px&#8221; _builder_version=&#8221;4.23.1&#8243; custom_margin=&#8221;||16px&#8221; icon_font_size=&#8221;25px&#8221; global_colors_info=&#8221;{}&#8221;]<\/p>\n<p><span>Przest\u0119pstwa korporacyjne to przest\u0119pstwa pope\u0142niane przez przedsi\u0119biorstwa komercyjne. Dlatego niezb\u0119dne jest posiadanie, w ramach swojej dzia\u0142alno\u015bci, profesjonalnego i do\u015bwiadczonego zespo\u0142u specjalizuj\u0105cego si\u0119 w ksi\u0119gowo\u015bci, prawie gospodarczym i finansowym. Niekt\u00f3re przyk\u0142ady prawa korporacyjnego to<\/span>:<\/p>\n<ul>\n<li>Zaanga\u017cowanie w fikcyjne us\u0142ugi<\/li>\n<li>Wprowadzanie w b\u0142\u0105d co do sytuacji finansowej lub prawnej firmy<\/li>\n<li>Utrudnianie procesu kontroli, nadzoru lub audytu<\/li>\n<li>Dokonywanie p\u0142atno\u015bci za nieistniej\u0105ce lub niewykonane us\u0142ugi<\/li>\n<li>Zatrudnianie lub p\u0142acenie za us\u0142ugi po cenie przewy\u017cszaj\u0105cej ich rzeczywist\u0105 warto\u015b\u0107 rynkow\u0105<\/li>\n<li>Transakcje finansowe, kt\u00f3re naruszaj\u0105 zarz\u0105dzane aktywa<\/li>\n<li>P\u0142acenie za nieistniej\u0105ce us\u0142ugi doradcze<\/li>\n<li>Fundusze bez pokrycia<\/li>\n<li>Dokonywanie nieuzasadnionych wysokich p\u0142atno\u015bci na rzecz administrator\u00f3w biznesowych, cz\u0142onk\u00f3w zarz\u0105du lub dyrektor\u00f3w sp\u00f3\u0142ek<\/li>\n<\/ul>\n<p>[\/et_pb_blurb][et_pb_blurb title=&#8221;Fa\u0142szerstwo&#8221; use_icon=&#8221;on&#8221; font_icon=&#8221;&#x5a;||divi||400&#8243; icon_placement=&#8221;left&#8221; image_icon_width=&#8221;25px&#8221; _builder_version=&#8221;4.23.1&#8243; custom_margin=&#8221;||16px&#8221; icon_font_size=&#8221;25px&#8221; global_colors_info=&#8221;{}&#8221;][\/et_pb_blurb][\/et_pb_column][\/et_pb_row][\/et_pb_section][et_pb_section fb_built=&#8221;1&#8243; _builder_version=&#8221;4.23.1&#8243; background_image=&#8221;https:\/\/www.albirabogados.com\/wp-content\/uploads\/2025\/03\/Oficina-2.jpg&#8221; custom_padding=&#8221;130px|0px|130px|0px|true|false&#8221; saved_tabs=&#8221;all&#8221; locked=&#8221;off&#8221; global_colors_info=&#8221;{}&#8221;][et_pb_row _builder_version=&#8221;4.16&#8243; global_colors_info=&#8221;{}&#8221;][et_pb_column type=&#8221;4_4&#8243; _builder_version=&#8221;4.16&#8243; custom_padding=&#8221;|||&#8221; global_colors_info=&#8221;{}&#8221; custom_padding__hover=&#8221;|||&#8221;][et_pb_text _builder_version=&#8221;4.23.1&#8243; text_font=&#8221;||||||||&#8221; text_font_size=&#8221;20px&#8221; header_font=&#8221;||||||||&#8221; header_2_font=&#8221;||||||||&#8221; header_2_font_size=&#8221;46px&#8221; text_orientation=&#8221;center&#8221; background_layout=&#8221;dark&#8221; text_text_shadow_style=&#8221;preset3&#8243; global_colors_info=&#8221;{}&#8221;]<\/p>\n<h2>Jeste\u015bmy lud\u017ami, kt\u00f3rzy pracuj\u0105 dla ludzi<\/h2>\n<p>\u015awiadczymy pe\u0142en zakres us\u0142ug, kt\u00f3rym mo\u017cesz zaufa\u0107.<\/p>\n<p>[\/et_pb_text][et_pb_button button_url=&#8221;\/contact\/&#8221; button_text=&#8221;skontaktuj si\u0119 z nami&#8221; button_alignment=&#8221;center&#8221; _builder_version=&#8221;4.23.1&#8243; background_layout=&#8221;dark&#8221; global_colors_info=&#8221;{}&#8221;][\/et_pb_button][\/et_pb_column][\/et_pb_row][\/et_pb_section]<\/p>\n","protected":false},"excerpt":{"rendered":"<p>Prawo karne dla firm Angloj\u0119zyczni eksperci prawa karnego w Altea, Alicante &nbsp;W Albir Abogados oferujemy mo\u017cliwo\u015b\u0107 sporz\u0105dzenia i opracowania planu zapobiegania przest\u0119pczo\u015bci oraz wsparcia w zakresie prawa karnego dla Twojej firmy. Jest to wa\u017cny aspekt prawny o ogromnym znaczeniu i transcendencji w zarz\u0105dzaniu przedsi\u0119biorstwem, podobnie jak odpowiedzialno\u015b\u0107 os\u00f3b prawnych za przest\u0119pstwa. Oferujemy r\u00f3wnie\u017c mo\u017cliwo\u015b\u0107 ustanowienia [&hellip;]<\/p>\n","protected":false},"author":4,"featured_media":0,"parent":0,"menu_order":0,"comment_status":"closed","ping_status":"closed","template":"","meta":{"_et_pb_use_builder":"on","_et_pb_old_content":"<!-- wp:divi\/placeholder \/-->","_et_gb_content_width":"","footnotes":""},"class_list":["post-2037","page","type-page","status-publish","hentry"],"yoast_head":"<!-- This site is optimized with the Yoast SEO plugin v27.4 - https:\/\/yoast.com\/product\/yoast-seo-wordpress\/ -->\n<title>Prawo karne dla firm - Albir Abogados \u00b7 International Law Firm since 1999<\/title>\n<meta name=\"description\" content=\"Prawo karne dla firm. Firm of Spanish and independent Lawyers and advisers specialized in property and inheritance law,\" \/>\n<meta name=\"robots\" content=\"index, follow, max-snippet:-1, max-image-preview:large, max-video-preview:-1\" \/>\n<link rel=\"canonical\" href=\"https:\/\/albirabogados.com\/pl\/criminal-law-for-business\/\" \/>\n<meta property=\"og:locale\" content=\"pl_PL\" \/>\n<meta property=\"og:type\" content=\"article\" \/>\n<meta property=\"og:title\" content=\"Prawo karne dla firm - Albir Abogados \u00b7 International Law Firm since 1999\" \/>\n<meta property=\"og:description\" content=\"Prawo karne dla firm. Firm of Spanish and independent Lawyers and advisers specialized in property and inheritance law,\" \/>\n<meta property=\"og:url\" content=\"https:\/\/albirabogados.com\/pl\/criminal-law-for-business\/\" \/>\n<meta property=\"og:site_name\" content=\"Albir Abogados \u00b7 International Law Firm since 1999\" \/>\n<meta property=\"article:publisher\" content=\"https:\/\/www.facebook.com\/albirabogados\" \/>\n<meta property=\"article:modified_time\" content=\"2025-03-21T19:13:41+00:00\" \/>\n<meta name=\"twitter:card\" content=\"summary_large_image\" \/>\n<meta name=\"twitter:label1\" content=\"Szacowany czas czytania\" \/>\n\t<meta name=\"twitter:data1\" content=\"2 minuty\" \/>\n<script type=\"application\/ld+json\" class=\"yoast-schema-graph\">{\"@context\":\"https:\\\/\\\/schema.org\",\"@graph\":[{\"@type\":\"WebPage\",\"@id\":\"https:\\\/\\\/albirabogados.com\\\/pl\\\/criminal-law-for-business\\\/\",\"url\":\"https:\\\/\\\/albirabogados.com\\\/pl\\\/criminal-law-for-business\\\/\",\"name\":\"Prawo karne dla firm - Albir Abogados \u00b7 International Law Firm since 1999\",\"isPartOf\":{\"@id\":\"https:\\\/\\\/albirabogados.com\\\/#website\"},\"datePublished\":\"2025-03-21T17:12:53+00:00\",\"dateModified\":\"2025-03-21T19:13:41+00:00\",\"description\":\"Prawo karne dla firm. Firm of Spanish and independent Lawyers and advisers specialized in property and inheritance law,\",\"breadcrumb\":{\"@id\":\"https:\\\/\\\/albirabogados.com\\\/pl\\\/criminal-law-for-business\\\/#breadcrumb\"},\"inLanguage\":\"pl-PL\",\"potentialAction\":[{\"@type\":\"ReadAction\",\"target\":[\"https:\\\/\\\/albirabogados.com\\\/pl\\\/criminal-law-for-business\\\/\"]}]},{\"@type\":\"BreadcrumbList\",\"@id\":\"https:\\\/\\\/albirabogados.com\\\/pl\\\/criminal-law-for-business\\\/#breadcrumb\",\"itemListElement\":[{\"@type\":\"ListItem\",\"position\":1,\"name\":\"Home\",\"item\":\"https:\\\/\\\/albirabogados.com\\\/pl\\\/\"},{\"@type\":\"ListItem\",\"position\":2,\"name\":\"Prawo karne dla firm\"}]},{\"@type\":\"WebSite\",\"@id\":\"https:\\\/\\\/albirabogados.com\\\/#website\",\"url\":\"https:\\\/\\\/albirabogados.com\\\/\",\"name\":\"Albir Abogados \u00b7 International Law Firm since 1999\",\"description\":\"International Law Firm since 1999\",\"publisher\":{\"@id\":\"https:\\\/\\\/albirabogados.com\\\/#organization\"},\"potentialAction\":[{\"@type\":\"SearchAction\",\"target\":{\"@type\":\"EntryPoint\",\"urlTemplate\":\"https:\\\/\\\/albirabogados.com\\\/?s={search_term_string}\"},\"query-input\":{\"@type\":\"PropertyValueSpecification\",\"valueRequired\":true,\"valueName\":\"search_term_string\"}}],\"inLanguage\":\"pl-PL\"},{\"@type\":\"Organization\",\"@id\":\"https:\\\/\\\/albirabogados.com\\\/#organization\",\"name\":\"Albir Abogados\",\"url\":\"https:\\\/\\\/albirabogados.com\\\/\",\"logo\":{\"@type\":\"ImageObject\",\"inLanguage\":\"pl-PL\",\"@id\":\"https:\\\/\\\/albirabogados.com\\\/#\\\/schema\\\/logo\\\/image\\\/\",\"url\":\"https:\\\/\\\/www.albirabogados.com\\\/wp-content\\\/uploads\\\/2020\\\/01\\\/albirabogados-logo-5.png\",\"contentUrl\":\"https:\\\/\\\/www.albirabogados.com\\\/wp-content\\\/uploads\\\/2020\\\/01\\\/albirabogados-logo-5.png\",\"width\":800,\"height\":269,\"caption\":\"Albir Abogados\"},\"image\":{\"@id\":\"https:\\\/\\\/albirabogados.com\\\/#\\\/schema\\\/logo\\\/image\\\/\"},\"sameAs\":[\"https:\\\/\\\/www.facebook.com\\\/albirabogados\"]}]}<\/script>\n<!-- \/ Yoast SEO plugin. -->","yoast_head_json":{"title":"Prawo karne dla firm - Albir Abogados \u00b7 International Law Firm since 1999","description":"Prawo karne dla firm. Firm of Spanish and independent Lawyers and advisers specialized in property and inheritance law,","robots":{"index":"index","follow":"follow","max-snippet":"max-snippet:-1","max-image-preview":"max-image-preview:large","max-video-preview":"max-video-preview:-1"},"canonical":"https:\/\/albirabogados.com\/pl\/criminal-law-for-business\/","og_locale":"pl_PL","og_type":"article","og_title":"Prawo karne dla firm - Albir Abogados \u00b7 International Law Firm since 1999","og_description":"Prawo karne dla firm. Firm of Spanish and independent Lawyers and advisers specialized in property and inheritance law,","og_url":"https:\/\/albirabogados.com\/pl\/criminal-law-for-business\/","og_site_name":"Albir Abogados \u00b7 International Law Firm since 1999","article_publisher":"https:\/\/www.facebook.com\/albirabogados","article_modified_time":"2025-03-21T19:13:41+00:00","twitter_card":"summary_large_image","twitter_misc":{"Szacowany czas czytania":"2 minuty"},"schema":{"@context":"https:\/\/schema.org","@graph":[{"@type":"WebPage","@id":"https:\/\/albirabogados.com\/pl\/criminal-law-for-business\/","url":"https:\/\/albirabogados.com\/pl\/criminal-law-for-business\/","name":"Prawo karne dla firm - Albir Abogados \u00b7 International Law Firm since 1999","isPartOf":{"@id":"https:\/\/albirabogados.com\/#website"},"datePublished":"2025-03-21T17:12:53+00:00","dateModified":"2025-03-21T19:13:41+00:00","description":"Prawo karne dla firm. Firm of Spanish and independent Lawyers and advisers specialized in property and inheritance law,","breadcrumb":{"@id":"https:\/\/albirabogados.com\/pl\/criminal-law-for-business\/#breadcrumb"},"inLanguage":"pl-PL","potentialAction":[{"@type":"ReadAction","target":["https:\/\/albirabogados.com\/pl\/criminal-law-for-business\/"]}]},{"@type":"BreadcrumbList","@id":"https:\/\/albirabogados.com\/pl\/criminal-law-for-business\/#breadcrumb","itemListElement":[{"@type":"ListItem","position":1,"name":"Home","item":"https:\/\/albirabogados.com\/pl\/"},{"@type":"ListItem","position":2,"name":"Prawo karne dla firm"}]},{"@type":"WebSite","@id":"https:\/\/albirabogados.com\/#website","url":"https:\/\/albirabogados.com\/","name":"Albir Abogados \u00b7 International Law Firm since 1999","description":"International Law Firm since 1999","publisher":{"@id":"https:\/\/albirabogados.com\/#organization"},"potentialAction":[{"@type":"SearchAction","target":{"@type":"EntryPoint","urlTemplate":"https:\/\/albirabogados.com\/?s={search_term_string}"},"query-input":{"@type":"PropertyValueSpecification","valueRequired":true,"valueName":"search_term_string"}}],"inLanguage":"pl-PL"},{"@type":"Organization","@id":"https:\/\/albirabogados.com\/#organization","name":"Albir Abogados","url":"https:\/\/albirabogados.com\/","logo":{"@type":"ImageObject","inLanguage":"pl-PL","@id":"https:\/\/albirabogados.com\/#\/schema\/logo\/image\/","url":"https:\/\/www.albirabogados.com\/wp-content\/uploads\/2020\/01\/albirabogados-logo-5.png","contentUrl":"https:\/\/www.albirabogados.com\/wp-content\/uploads\/2020\/01\/albirabogados-logo-5.png","width":800,"height":269,"caption":"Albir Abogados"},"image":{"@id":"https:\/\/albirabogados.com\/#\/schema\/logo\/image\/"},"sameAs":["https:\/\/www.facebook.com\/albirabogados"]}]}},"_links":{"self":[{"href":"https:\/\/albirabogados.com\/pl\/wp-json\/wp\/v2\/pages\/2037","targetHints":{"allow":["GET"]}}],"collection":[{"href":"https:\/\/albirabogados.com\/pl\/wp-json\/wp\/v2\/pages"}],"about":[{"href":"https:\/\/albirabogados.com\/pl\/wp-json\/wp\/v2\/types\/page"}],"author":[{"embeddable":true,"href":"https:\/\/albirabogados.com\/pl\/wp-json\/wp\/v2\/users\/4"}],"replies":[{"embeddable":true,"href":"https:\/\/albirabogados.com\/pl\/wp-json\/wp\/v2\/comments?post=2037"}],"version-history":[{"count":4,"href":"https:\/\/albirabogados.com\/pl\/wp-json\/wp\/v2\/pages\/2037\/revisions"}],"predecessor-version":[{"id":2110,"href":"https:\/\/albirabogados.com\/pl\/wp-json\/wp\/v2\/pages\/2037\/revisions\/2110"}],"wp:attachment":[{"href":"https:\/\/albirabogados.com\/pl\/wp-json\/wp\/v2\/media?parent=2037"}],"curies":[{"name":"wp","href":"https:\/\/api.w.org\/{rel}","templated":true}]}}