{"id":2012,"date":"2025-03-21T16:47:15","date_gmt":"2025-03-21T16:47:15","guid":{"rendered":"https:\/\/www.albirabogados.com\/?page_id=2012"},"modified":"2025-03-21T19:14:30","modified_gmt":"2025-03-21T19:14:30","slug":"banking-finance","status":"publish","type":"page","link":"https:\/\/albirabogados.com\/pl\/banking-finance\/","title":{"rendered":"Bankowo\u015b\u0107 i finanse"},"content":{"rendered":"<p>[et_pb_section fb_built=&#8221;1&#8243; _builder_version=&#8221;4.16&#8243; background_color=&#8221;rgba(3,19,43,0.73)&#8221; background_image=&#8221;https:\/\/www.albirabogados.com\/wp-content\/uploads\/2020\/02\/albirabogados-finance.jpg&#8221; background_blend=&#8221;multiply&#8221; custom_padding=&#8221;100px|0px|100px|0px|true|false&#8221; global_colors_info=&#8221;{}&#8221;][et_pb_row _builder_version=&#8221;4.16&#8243; global_colors_info=&#8221;{}&#8221;][et_pb_column type=&#8221;4_4&#8243; _builder_version=&#8221;4.16&#8243; custom_padding=&#8221;|||&#8221; global_colors_info=&#8221;{}&#8221; custom_padding__hover=&#8221;|||&#8221;][et_pb_text _builder_version=&#8221;4.23.1&#8243; text_font=&#8221;||||||||&#8221; header_font=&#8221;||||||||&#8221; header_2_font=&#8221;||||||||&#8221; header_2_font_size=&#8221;46px&#8221; text_orientation=&#8221;center&#8221; background_layout=&#8221;dark&#8221; global_colors_info=&#8221;{}&#8221;]<\/p>\n<h1 style=\"font-size: 46px;\">Bankowo\u015b\u0107 i finanse<\/h1>\n<p>[\/et_pb_text][\/et_pb_column][\/et_pb_row][\/et_pb_section][et_pb_section fb_built=&#8221;1&#8243; _builder_version=&#8221;4.16&#8243; custom_padding=&#8221;54px|0px|54px|0px|true|false&#8221; global_colors_info=&#8221;{}&#8221;][et_pb_row _builder_version=&#8221;4.16&#8243; custom_padding=&#8221;12px|0px|0|0px|false|false&#8221; global_colors_info=&#8221;{}&#8221;][et_pb_column type=&#8221;4_4&#8243; _builder_version=&#8221;4.16&#8243; custom_padding=&#8221;|||&#8221; global_colors_info=&#8221;{}&#8221; custom_padding__hover=&#8221;|||&#8221;][et_pb_text _builder_version=&#8221;4.23.1&#8243; global_colors_info=&#8221;{}&#8221;]<\/p>\n<p>Jako mi\u0119dzynarodowa kancelaria prawna w Hiszpanii, regularnie zajmujemy si\u0119 sporami finansowymi. Dzia\u0142anie na rzecz zabezpieczonych po\u017cyczkodawc\u00f3w i kredytodawc\u00f3w zawsze by\u0142o i pozostaje podstawow\u0105 cz\u0119\u015bci\u0105 naszej praktyki. Mamy bogate do\u015bwiadczenie w egzekwowaniu zabezpiecze\u0144 na nieruchomo\u015bciach i maj\u0105tku osobistym. Nasz oddany zesp\u00f3\u0142 ekspert\u00f3w prawnych ma udokumentowane do\u015bwiadczenie w pomaganiu zabezpieczonym po\u017cyczkodawcom i kredytodawcom, dzi\u0119ki czemu sprawy bankowe i finansowe s\u0105 fundamentem naszej praktyki.<\/p>\n<p>W Albir Abogados wnosimy bogate do\u015bwiadczenie, je\u015bli chodzi o egzekwowanie zabezpiecze\u0144 zar\u00f3wno na nieruchomo\u015bciach, jak i na maj\u0105tku osobistym. Rozumiemy zawi\u0142o\u015bci zwi\u0105zane z op\u0142atami za nieruchomo\u015bci, hipotekami i r\u00f3\u017cnymi zawi\u0142o\u015bciami finansowymi, zapewniaj\u0105c naszym klientom najwy\u017cszej jako\u015bci doradztwo prawne i reprezentacj\u0119.<\/p>\n<p>Nasze zaanga\u017cowanie w dostarczanie kompleksowych rozwi\u0105za\u0144 prawnych jest niezr\u00f3wnane. Je\u015bli potrzebujesz pomocy prawnej w dziedzinie bankowo\u015bci i finans\u00f3w, Albir Abogados jest tutaj, aby by\u0107 Twoim zaufanym partnerem. Niezale\u017cnie od tego, czy jeste\u015b osob\u0105 fizyczn\u0105 poszukuj\u0105c\u0105 porady w osobistej sprawie finansowej, czy te\u017c firm\u0105 poruszaj\u0105c\u0105 si\u0119 po z\u0142o\u017conych przepisach bankowych, posiadamy wiedz\u0119 specjalistyczn\u0105, kt\u00f3ra poprowadzi Ci\u0119 przez krajobraz prawny.<\/p>\n<p>Nasze us\u0142ugi obejmuj\u0105 szeroki zakres spraw zwi\u0105zanych z bankowo\u015bci\u0105 i finansami, od przegl\u0105d\u00f3w um\u00f3w i negocjacji po spory s\u0105dowe i rozstrzyganie spor\u00f3w. Jeste\u015bmy dumni z naszej zdolno\u015bci do dostosowywania naszych us\u0142ug do unikalnych potrzeb ka\u017cdego klienta.<\/p>\n<p>Nie wahaj si\u0119 skontaktowa\u0107 z nami, aby uzyska\u0107 bardziej szczeg\u00f3\u0142owe konsultacje i spersonalizowane porady dostosowane do Twojej konkretnej sprawy. W Albir Abogados jeste\u015bmy zaanga\u017cowani w pomoc w poruszaniu si\u0119 po zawi\u0142o\u015bciach prawnych zwi\u0105zanych z bankowo\u015bci\u0105 i finansami, zapewniaj\u0105c, \u017ce posiadanie angloj\u0119zycznego prawnika w rejonie Alicante, kt\u00f3ry b\u0119dzie Ci\u0119 wspiera\u0142 na ka\u017cdym kroku. Tw\u00f3j spok\u00f3j finansowy jest naszym priorytetem i z niecierpliwo\u015bci\u0105 czekamy na pomoc w osi\u0105gni\u0119ciu Twoich cel\u00f3w prawnych.<\/p>\n<p>[\/et_pb_text][\/et_pb_column][\/et_pb_row][\/et_pb_section][et_pb_section fb_built=&#8221;1&#8243; _builder_version=&#8221;4.16&#8243; background_color=&#8221;#f5f5f5&#8243; background_image=&#8221;https:\/\/www.albirabogados.com\/wp-content\/uploads\/2019\/05\/albirabodagos-fondo-inheritance-02.jpg&#8221; background_position=&#8221;center_left&#8221; global_colors_info=&#8221;{}&#8221;][et_pb_row column_structure=&#8221;1_2,1_2&#8243; _builder_version=&#8221;4.16&#8243; global_colors_info=&#8221;{}&#8221;][et_pb_column type=&#8221;1_2&#8243; _builder_version=&#8221;4.16&#8243; custom_padding=&#8221;|||&#8221; global_colors_info=&#8221;{}&#8221; custom_padding__hover=&#8221;|||&#8221;][et_pb_text _builder_version=&#8221;4.23.1&#8243; text_font=&#8221;||||||||&#8221; background_layout=&#8221;dark&#8221; global_colors_info=&#8221;{}&#8221;]<\/p>\n<h3>Mo\u017cemy pom\u00f3c mi\u0119dzy innymi w nast\u0119puj\u0105cych kwestiach zwi\u0105zanych z bankowo\u015bci\u0105 i finansami:<\/h3>\n<p>[\/et_pb_text][et_pb_blurb use_icon=&#8221;on&#8221; font_icon=&#8221;&#x5a;||divi||400&#8243; icon_color=&#8221;#ffffff&#8221; icon_placement=&#8221;left&#8221; image_icon_width=&#8221;25px&#8221; _builder_version=&#8221;4.23.1&#8243; background_layout=&#8221;dark&#8221; custom_margin=&#8221;||16px&#8221; icon_font_size=&#8221;25px&#8221; global_colors_info=&#8221;{}&#8221;]<\/p>\n<p>Gwarancje i op\u0142aty zwi\u0105zane z nieruchomo\u015bciami<\/p>\n<p>[\/et_pb_blurb][et_pb_blurb use_icon=&#8221;on&#8221; font_icon=&#8221;&#x5a;||divi||400&#8243; icon_color=&#8221;#ffffff&#8221; icon_placement=&#8221;left&#8221; image_icon_width=&#8221;25px&#8221; _builder_version=&#8221;4.23.1&#8243; background_layout=&#8221;dark&#8221; custom_margin=&#8221;||16px&#8221; icon_font_size=&#8221;25px&#8221; global_colors_info=&#8221;{}&#8221;]<\/p>\n<p>Zasady finansowania bankowego<\/p>\n<p>[\/et_pb_blurb][et_pb_blurb use_icon=&#8221;on&#8221; font_icon=&#8221;&#x5a;||divi||400&#8243; icon_color=&#8221;#ffffff&#8221; icon_placement=&#8221;left&#8221; image_icon_width=&#8221;25px&#8221; _builder_version=&#8221;4.23.1&#8243; background_layout=&#8221;dark&#8221; custom_margin=&#8221;||16px&#8221; icon_font_size=&#8221;25px&#8221; global_colors_info=&#8221;{}&#8221;]<\/p>\n<p>Kredyty hipoteczne<\/p>\n<p>[\/et_pb_blurb][et_pb_blurb use_icon=&#8221;on&#8221; font_icon=&#8221;&#x5a;||divi||400&#8243; icon_color=&#8221;#ffffff&#8221; icon_placement=&#8221;left&#8221; image_icon_width=&#8221;25px&#8221; _builder_version=&#8221;4.23.1&#8243; background_layout=&#8221;dark&#8221; custom_margin=&#8221;||16px&#8221; icon_font_size=&#8221;25px&#8221; global_colors_info=&#8221;{}&#8221;]<\/p>\n<p>Kredytowanie nieruchomo\u015bci<\/p>\n<p>[\/et_pb_blurb][et_pb_blurb use_icon=&#8221;on&#8221; font_icon=&#8221;&#x5a;||divi||400&#8243; icon_color=&#8221;#ffffff&#8221; icon_placement=&#8221;left&#8221; image_icon_width=&#8221;25px&#8221; _builder_version=&#8221;4.23.1&#8243; background_layout=&#8221;dark&#8221; custom_margin=&#8221;||16px&#8221; icon_font_size=&#8221;25px&#8221; global_colors_info=&#8221;{}&#8221;]<\/p>\n<p>Spory dotycz\u0105ce pierwsze\u0144stwa nieruchomo\u015bci<\/p>\n<p>[\/et_pb_blurb][et_pb_blurb use_icon=&#8221;on&#8221; font_icon=&#8221;&#x5a;||divi||400&#8243; icon_color=&#8221;#ffffff&#8221; icon_placement=&#8221;left&#8221; image_icon_width=&#8221;25px&#8221; _builder_version=&#8221;4.23.1&#8243; background_layout=&#8221;dark&#8221; custom_margin=&#8221;||16px&#8221; icon_font_size=&#8221;25px&#8221; global_colors_info=&#8221;{}&#8221;]<\/p>\n<p>Fundusze inwestycyjne<\/p>\n<p>[\/et_pb_blurb][\/et_pb_column][et_pb_column type=&#8221;1_2&#8243; _builder_version=&#8221;4.16&#8243; custom_padding=&#8221;|||&#8221; global_colors_info=&#8221;{}&#8221; custom_padding__hover=&#8221;|||&#8221;][\/et_pb_column][\/et_pb_row][\/et_pb_section][et_pb_section fb_built=&#8221;1&#8243; _builder_version=&#8221;4.23.1&#8243; background_image=&#8221;https:\/\/www.albirabogados.com\/wp-content\/uploads\/2025\/03\/Oficina-2.jpg&#8221; custom_padding=&#8221;130px|0px|130px|0px|true|false&#8221; saved_tabs=&#8221;all&#8221; locked=&#8221;off&#8221; global_colors_info=&#8221;{}&#8221;][et_pb_row _builder_version=&#8221;4.16&#8243; global_colors_info=&#8221;{}&#8221;][et_pb_column type=&#8221;4_4&#8243; _builder_version=&#8221;4.16&#8243; custom_padding=&#8221;|||&#8221; global_colors_info=&#8221;{}&#8221; custom_padding__hover=&#8221;|||&#8221;][et_pb_text _builder_version=&#8221;4.23.1&#8243; text_font=&#8221;||||||||&#8221; text_font_size=&#8221;20px&#8221; header_font=&#8221;||||||||&#8221; header_2_font=&#8221;||||||||&#8221; header_2_font_size=&#8221;46px&#8221; text_orientation=&#8221;center&#8221; background_layout=&#8221;dark&#8221; text_text_shadow_style=&#8221;preset3&#8243; global_colors_info=&#8221;{}&#8221;]<\/p>\n<h2>Jeste\u015bmy lud\u017ami, kt\u00f3rzy pracuj\u0105 dla ludzi<\/h2>\n<p>\u015awiadczymy pe\u0142en zakres us\u0142ug, kt\u00f3rym mo\u017cesz zaufa\u0107.<\/p>\n<p>[\/et_pb_text][et_pb_button button_url=&#8221;\/contact\/&#8221; button_text=&#8221;skontaktuj si\u0119 z nami&#8221; button_alignment=&#8221;center&#8221; _builder_version=&#8221;4.23.1&#8243; background_layout=&#8221;dark&#8221; global_colors_info=&#8221;{}&#8221;][\/et_pb_button][\/et_pb_column][\/et_pb_row][\/et_pb_section]<\/p>\n","protected":false},"excerpt":{"rendered":"<p>Bankowo\u015b\u0107 i finanseJako mi\u0119dzynarodowa kancelaria prawna w Hiszpanii, regularnie zajmujemy si\u0119 sporami finansowymi. Dzia\u0142anie na rzecz zabezpieczonych po\u017cyczkodawc\u00f3w i kredytodawc\u00f3w zawsze by\u0142o i pozostaje podstawow\u0105 cz\u0119\u015bci\u0105 naszej praktyki. Mamy bogate do\u015bwiadczenie w egzekwowaniu zabezpiecze\u0144 na nieruchomo\u015bciach i maj\u0105tku osobistym. Nasz oddany zesp\u00f3\u0142 ekspert\u00f3w prawnych ma udokumentowane do\u015bwiadczenie w pomaganiu zabezpieczonym po\u017cyczkodawcom i kredytodawcom, dzi\u0119ki czemu [&hellip;]<\/p>\n","protected":false},"author":4,"featured_media":0,"parent":0,"menu_order":0,"comment_status":"closed","ping_status":"closed","template":"","meta":{"_et_pb_use_builder":"on","_et_pb_old_content":"<!-- wp:divi\/placeholder \/-->","_et_gb_content_width":"","footnotes":""},"class_list":["post-2012","page","type-page","status-publish","hentry"],"yoast_head":"<!-- This site is optimized with the Yoast SEO plugin v27.4 - https:\/\/yoast.com\/product\/yoast-seo-wordpress\/ -->\n<title>Bankowo\u015b\u0107 i finanse - Albir Abogados \u00b7 International Law Firm since 1999<\/title>\n<meta name=\"description\" content=\"Bankowo\u015b\u0107 i finanse. Firm of Spanish and independent Lawyers and advisers specialized in property law, inheritance law, litigation and tax law.\" \/>\n<meta name=\"robots\" content=\"index, follow, max-snippet:-1, max-image-preview:large, max-video-preview:-1\" \/>\n<link rel=\"canonical\" href=\"https:\/\/albirabogados.com\/pl\/banking-finance\/\" \/>\n<meta property=\"og:locale\" content=\"pl_PL\" \/>\n<meta property=\"og:type\" content=\"article\" \/>\n<meta property=\"og:title\" content=\"Bankowo\u015b\u0107 i finanse - Albir Abogados \u00b7 International Law Firm since 1999\" \/>\n<meta property=\"og:description\" content=\"Bankowo\u015b\u0107 i finanse. Firm of Spanish and independent Lawyers and advisers specialized in property law, inheritance law, litigation and tax law.\" \/>\n<meta property=\"og:url\" content=\"https:\/\/albirabogados.com\/pl\/banking-finance\/\" \/>\n<meta property=\"og:site_name\" content=\"Albir Abogados \u00b7 International Law Firm since 1999\" \/>\n<meta property=\"article:publisher\" content=\"https:\/\/www.facebook.com\/albirabogados\" \/>\n<meta property=\"article:modified_time\" content=\"2025-03-21T19:14:30+00:00\" \/>\n<meta name=\"twitter:card\" content=\"summary_large_image\" \/>\n<meta name=\"twitter:label1\" content=\"Szacowany czas czytania\" \/>\n\t<meta name=\"twitter:data1\" content=\"2 minuty\" \/>\n<script type=\"application\/ld+json\" class=\"yoast-schema-graph\">{\"@context\":\"https:\\\/\\\/schema.org\",\"@graph\":[{\"@type\":\"WebPage\",\"@id\":\"https:\\\/\\\/albirabogados.com\\\/pl\\\/banking-finance\\\/\",\"url\":\"https:\\\/\\\/albirabogados.com\\\/pl\\\/banking-finance\\\/\",\"name\":\"Bankowo\u015b\u0107 i finanse - Albir Abogados \u00b7 International Law Firm since 1999\",\"isPartOf\":{\"@id\":\"https:\\\/\\\/albirabogados.com\\\/#website\"},\"datePublished\":\"2025-03-21T16:47:15+00:00\",\"dateModified\":\"2025-03-21T19:14:30+00:00\",\"description\":\"Bankowo\u015b\u0107 i finanse. Firm of Spanish and independent Lawyers and advisers specialized in property law, inheritance law, litigation and tax law.\",\"breadcrumb\":{\"@id\":\"https:\\\/\\\/albirabogados.com\\\/pl\\\/banking-finance\\\/#breadcrumb\"},\"inLanguage\":\"pl-PL\",\"potentialAction\":[{\"@type\":\"ReadAction\",\"target\":[\"https:\\\/\\\/albirabogados.com\\\/pl\\\/banking-finance\\\/\"]}]},{\"@type\":\"BreadcrumbList\",\"@id\":\"https:\\\/\\\/albirabogados.com\\\/pl\\\/banking-finance\\\/#breadcrumb\",\"itemListElement\":[{\"@type\":\"ListItem\",\"position\":1,\"name\":\"Home\",\"item\":\"https:\\\/\\\/albirabogados.com\\\/pl\\\/\"},{\"@type\":\"ListItem\",\"position\":2,\"name\":\"Bankowo\u015b\u0107 i finanse\"}]},{\"@type\":\"WebSite\",\"@id\":\"https:\\\/\\\/albirabogados.com\\\/#website\",\"url\":\"https:\\\/\\\/albirabogados.com\\\/\",\"name\":\"Albir Abogados \u00b7 International Law Firm since 1999\",\"description\":\"International Law Firm since 1999\",\"publisher\":{\"@id\":\"https:\\\/\\\/albirabogados.com\\\/#organization\"},\"potentialAction\":[{\"@type\":\"SearchAction\",\"target\":{\"@type\":\"EntryPoint\",\"urlTemplate\":\"https:\\\/\\\/albirabogados.com\\\/?s={search_term_string}\"},\"query-input\":{\"@type\":\"PropertyValueSpecification\",\"valueRequired\":true,\"valueName\":\"search_term_string\"}}],\"inLanguage\":\"pl-PL\"},{\"@type\":\"Organization\",\"@id\":\"https:\\\/\\\/albirabogados.com\\\/#organization\",\"name\":\"Albir Abogados\",\"url\":\"https:\\\/\\\/albirabogados.com\\\/\",\"logo\":{\"@type\":\"ImageObject\",\"inLanguage\":\"pl-PL\",\"@id\":\"https:\\\/\\\/albirabogados.com\\\/#\\\/schema\\\/logo\\\/image\\\/\",\"url\":\"https:\\\/\\\/www.albirabogados.com\\\/wp-content\\\/uploads\\\/2020\\\/01\\\/albirabogados-logo-5.png\",\"contentUrl\":\"https:\\\/\\\/www.albirabogados.com\\\/wp-content\\\/uploads\\\/2020\\\/01\\\/albirabogados-logo-5.png\",\"width\":800,\"height\":269,\"caption\":\"Albir Abogados\"},\"image\":{\"@id\":\"https:\\\/\\\/albirabogados.com\\\/#\\\/schema\\\/logo\\\/image\\\/\"},\"sameAs\":[\"https:\\\/\\\/www.facebook.com\\\/albirabogados\"]}]}<\/script>\n<!-- \/ Yoast SEO plugin. -->","yoast_head_json":{"title":"Bankowo\u015b\u0107 i finanse - Albir Abogados \u00b7 International Law Firm since 1999","description":"Bankowo\u015b\u0107 i finanse. Firm of Spanish and independent Lawyers and advisers specialized in property law, inheritance law, litigation and tax law.","robots":{"index":"index","follow":"follow","max-snippet":"max-snippet:-1","max-image-preview":"max-image-preview:large","max-video-preview":"max-video-preview:-1"},"canonical":"https:\/\/albirabogados.com\/pl\/banking-finance\/","og_locale":"pl_PL","og_type":"article","og_title":"Bankowo\u015b\u0107 i finanse - Albir Abogados \u00b7 International Law Firm since 1999","og_description":"Bankowo\u015b\u0107 i finanse. Firm of Spanish and independent Lawyers and advisers specialized in property law, inheritance law, litigation and tax law.","og_url":"https:\/\/albirabogados.com\/pl\/banking-finance\/","og_site_name":"Albir Abogados \u00b7 International Law Firm since 1999","article_publisher":"https:\/\/www.facebook.com\/albirabogados","article_modified_time":"2025-03-21T19:14:30+00:00","twitter_card":"summary_large_image","twitter_misc":{"Szacowany czas czytania":"2 minuty"},"schema":{"@context":"https:\/\/schema.org","@graph":[{"@type":"WebPage","@id":"https:\/\/albirabogados.com\/pl\/banking-finance\/","url":"https:\/\/albirabogados.com\/pl\/banking-finance\/","name":"Bankowo\u015b\u0107 i finanse - Albir Abogados \u00b7 International Law Firm since 1999","isPartOf":{"@id":"https:\/\/albirabogados.com\/#website"},"datePublished":"2025-03-21T16:47:15+00:00","dateModified":"2025-03-21T19:14:30+00:00","description":"Bankowo\u015b\u0107 i finanse. Firm of Spanish and independent Lawyers and advisers specialized in property law, inheritance law, litigation and tax law.","breadcrumb":{"@id":"https:\/\/albirabogados.com\/pl\/banking-finance\/#breadcrumb"},"inLanguage":"pl-PL","potentialAction":[{"@type":"ReadAction","target":["https:\/\/albirabogados.com\/pl\/banking-finance\/"]}]},{"@type":"BreadcrumbList","@id":"https:\/\/albirabogados.com\/pl\/banking-finance\/#breadcrumb","itemListElement":[{"@type":"ListItem","position":1,"name":"Home","item":"https:\/\/albirabogados.com\/pl\/"},{"@type":"ListItem","position":2,"name":"Bankowo\u015b\u0107 i finanse"}]},{"@type":"WebSite","@id":"https:\/\/albirabogados.com\/#website","url":"https:\/\/albirabogados.com\/","name":"Albir Abogados \u00b7 International Law Firm since 1999","description":"International Law Firm since 1999","publisher":{"@id":"https:\/\/albirabogados.com\/#organization"},"potentialAction":[{"@type":"SearchAction","target":{"@type":"EntryPoint","urlTemplate":"https:\/\/albirabogados.com\/?s={search_term_string}"},"query-input":{"@type":"PropertyValueSpecification","valueRequired":true,"valueName":"search_term_string"}}],"inLanguage":"pl-PL"},{"@type":"Organization","@id":"https:\/\/albirabogados.com\/#organization","name":"Albir Abogados","url":"https:\/\/albirabogados.com\/","logo":{"@type":"ImageObject","inLanguage":"pl-PL","@id":"https:\/\/albirabogados.com\/#\/schema\/logo\/image\/","url":"https:\/\/www.albirabogados.com\/wp-content\/uploads\/2020\/01\/albirabogados-logo-5.png","contentUrl":"https:\/\/www.albirabogados.com\/wp-content\/uploads\/2020\/01\/albirabogados-logo-5.png","width":800,"height":269,"caption":"Albir Abogados"},"image":{"@id":"https:\/\/albirabogados.com\/#\/schema\/logo\/image\/"},"sameAs":["https:\/\/www.facebook.com\/albirabogados"]}]}},"_links":{"self":[{"href":"https:\/\/albirabogados.com\/pl\/wp-json\/wp\/v2\/pages\/2012","targetHints":{"allow":["GET"]}}],"collection":[{"href":"https:\/\/albirabogados.com\/pl\/wp-json\/wp\/v2\/pages"}],"about":[{"href":"https:\/\/albirabogados.com\/pl\/wp-json\/wp\/v2\/types\/page"}],"author":[{"embeddable":true,"href":"https:\/\/albirabogados.com\/pl\/wp-json\/wp\/v2\/users\/4"}],"replies":[{"embeddable":true,"href":"https:\/\/albirabogados.com\/pl\/wp-json\/wp\/v2\/comments?post=2012"}],"version-history":[{"count":7,"href":"https:\/\/albirabogados.com\/pl\/wp-json\/wp\/v2\/pages\/2012\/revisions"}],"predecessor-version":[{"id":2116,"href":"https:\/\/albirabogados.com\/pl\/wp-json\/wp\/v2\/pages\/2012\/revisions\/2116"}],"wp:attachment":[{"href":"https:\/\/albirabogados.com\/pl\/wp-json\/wp\/v2\/media?parent=2012"}],"curies":[{"name":"wp","href":"https:\/\/api.w.org\/{rel}","templated":true}]}}